{"id":7982,"date":"2021-11-18T11:34:51","date_gmt":"2021-11-18T10:34:51","guid":{"rendered":"https:\/\/eu.designkayaks.com\/product\/unplugged-pe-kayak-de-mar\/"},"modified":"2025-08-19T16:11:47","modified_gmt":"2025-08-19T14:11:47","slug":"unplugged-pe-kayak-de-mar","status":"publish","type":"product","link":"https:\/\/eu.designkayaks.com\/es\/product\/unplugged-pe-kayak-de-mar\/","title":{"rendered":"Unplugged PE Kayak de Mar"},"content":{"rendered":"<h2>Descripci\u00f3n del Kayak de Mar Unplugged PE<\/h2>\n<p>El kayak de mar Unplugged es un kayak que proporciona diversi\u00f3n a palistas de todos los niveles. El Unplugged es un kayak excelente para principiantes, pero sigue ofreciendo mucho disfrute a medida que adquieres m\u00e1s experiencia. El Unplugged se cre\u00f3 con el deseo de proporcionar un kayak de mar s\u00f3lido y de buen rendimiento que permitiera desarrollar las habilidades. En otras palabras, el Unplugged est\u00e1 construido para ofrecerte la mejor base posible para aprender brazadas y t\u00e9cnicas. Si ya tienes mucha experiencia en kayak, el Unplugged es una gran elecci\u00f3n si buscas un kayak vers\u00e1til y polivalente que todos puedan disfrutar.    <\/p>\n<h3>Dise\u00f1o reflexivo<\/h3>\n<p>Con una simetr\u00eda moderna y una proa estilizada, el dise\u00f1o proporciona un excelente seguimiento, especialmente adecuado para un kayak sin tim\u00f3n. La cubierta trasera es baja para minimizar la resistencia al viento, lo que facilita el balanceo y la reentrada en el kayak durante un autorrescate. <\/p>\n<h3>Velocidad y estabilidad para mayor confianza<\/h3>\n<p>La forma del casco es una de las razones por las que el Unplugged es un kayak tan bueno para principiantes. Con forma de V poco profunda, proporciona una amplia estabilidad que inspira confianza a los nuevos palistas, mientras que una l\u00ednea de quilla continua garantiza una buena velocidad sin sacrificar la maniobrabilidad. <\/p>\n<h3>Confort y control en primer plano<\/h3>\n<p>El asiento ergon\u00f3mico y el respaldo acolchado ofrecen una experiencia muy c\u00f3moda en la ba\u00f1era. El espacio es amplio, mientras que las musleras integradas garantizan un contacto \u00f3ptimo con el kayak. El Unplugged presenta un dise\u00f1o de ba\u00f1era de ojo de cerradura medio que favorece una t\u00e9cnica de remo excelente, a la vez que es lo bastante ancho en la parte delantera para facilitar la entrada y la salida, lo que lo hace ideal para principiantes. El borde de la ba\u00f1era est\u00e1 encastrado en una amplia ranura para facilitar la fijaci\u00f3n de tu cubierta antirociones.   <\/p>\n<h3>Detalles bien pensados<\/h3>\n<p>Adem\u00e1s de una cubierta bien dise\u00f1ada con los imprescindibles bungees y cabos, hemos a\u00f1adido un rollo de remo en uno de los cabos delanteros de la cubierta, para que sea f\u00e1cil asegurar tu remo bajo el cabo durante los descansos. El kayak de mar Unplugged tiene mamparos resistentes, sellados por ambos lados. Los tambuchos redondos son f\u00e1ciles de poner y quitar. Todos los herrajes est\u00e1n encastrados para minimizar el riesgo de lesiones en manos o dedos mientras remas, y la caja de control del skeg est\u00e1 situada a la altura de la cadera, lo que facilita su manejo sin que se te vean las piernas.   <\/p>\n<h3>Haz tuyo el kayak de mar Unplugged<\/h3>\n<p>Puedes personalizar tu kayak eligiendo colores \u00fanicos, a\u00f1adiendo equipamiento adicional y dise\u00f1ando un kayak que sea realmente tuyo. Una vez que hayas elegido el color y el tama\u00f1o de tu kayak, selecciona &#8220;dise\u00f1a tu propio kayak&#8221; para jugar con los colores y las opciones de equipamiento. En el Unplugged, puedes a\u00f1adir un compartimento de almacenamiento adicional en la cubierta de proa con el daybox de 3,5 litros de Kajak Sport. Si quieres un tim\u00f3n, la Unplugged est\u00e1 preparada para uno con guiado interno de cables y un accesorio de acero inoxidable para el soporte del tim\u00f3n. Detr\u00e1s de la ba\u00f1era, puedes instalar nuestro Sistema de Rescate con hebillas YKK para asegurar la pala durante un autorrescate, lo que a\u00f1ade seguridad adicional como kayak para principiantes. Adem\u00e1s, puedes optar por una abrazadera de bloqueo de acero inoxidable si necesitas dejar el kayak en zonas expuestas. Si quieres asegurar un contacto a\u00fan mejor con tu kayak, puedes elegir tambi\u00e9n como opci\u00f3n adicional los reposapi\u00e9s SmartTrack Transitional.      <\/p>\n<h3>Kayak de Mar Unplugged &#8211; Gu\u00eda de tallas<\/h3>\n<p>Unplugged est\u00e1 disponible en dos tama\u00f1os. Su altura, peso y medidas de muslos y caderas son factores clave para determinar si corresponde a la talla Regular o Large.  <\/p>\n<p>Aqu\u00ed tiene una gu\u00eda de tallas:<br \/>\nRegular: 160-185 cm, hasta aproximadamente 90 kg.<br \/>Large: 170-210 cm, a partir de aproximadamente 90 kg.<\/p>\n<p>\u00bfQuiere saber m\u00e1s sobre Unplugged? Para m\u00e1s detalles consulte <a href=\"https:\/\/www.designkayaks.com\/kayaks\/unplugged-seakayak\/\">designkayaks.com<\/a> <\/p>\n<p>\u00bfBusca otro tipo de kayak de mar? Eche un vistazo a nuestro kayak de traves\u00eda r\u00e1pida<a href=\"https:\/\/eu.designkayaks.com\/product\/endless-sea-kayak\/\"> Endless<\/a> o al <a href=\"https:\/\/eu.designkayaks.com\/product\/awesome-sea-kayak\/\">Awesome<\/a> para el palista m\u00e1s juguet\u00f3n.<\/p>\n","protected":false},"excerpt":{"rendered":"<p>El kayak de mar Unplugged, con su perfecta combinaci\u00f3n de velocidad y estabilidad, es un excelente kayak polivalente. Es ideal para los remeros noveles y los que tienen algo de experiencia, pero tambi\u00e9n hace sonre\u00edr a los remeros m\u00e1s avanzados. <\/p>\n","protected":false},"featured_media":6980,"template":"","meta":{"inline_featured_image":false},"product_brand":[],"product_cat":[112],"product_tag":[],"class_list":{"0":"post-7982","1":"product","2":"type-product","3":"status-publish","4":"has-post-thumbnail","6":"product_cat-kayaks-pe","7":"product_shipping_class-kayaks-ue-continental","9":"first","10":"instock","11":"taxable","12":"shipping-taxable","13":"purchasable","14":"product-type-variable","15":"has-default-attributes"},"yoast_head":"<!-- This site is optimized with the Yoast SEO plugin v24.9 - https:\/\/yoast.com\/wordpress\/plugins\/seo\/ -->\n<title>Unplugged PE Kayak de Mar - Designkayaks EU<\/title>\n<meta name=\"description\" content=\"El kayak de mar Unplugged tiene una excelente relaci\u00f3n calidad-precio. Es un kayak de mar que alegra a los palistas de todos los niveles con un alto rendimiento y gran comodidad.\" \/>\n<meta name=\"robots\" content=\"noindex, follow, max-snippet:-1, max-image-preview:large, max-video-preview:-1\" \/>\n<meta property=\"og:locale\" content=\"es_ES\" \/>\n<meta property=\"og:type\" content=\"article\" \/>\n<meta property=\"og:title\" content=\"Unplugged PE Kayak de Mar - Designkayaks EU\" \/>\n<meta property=\"og:description\" content=\"El kayak de mar Unplugged tiene una excelente relaci\u00f3n calidad-precio. Es un kayak de mar que alegra a los palistas de todos los niveles con un alto rendimiento y gran comodidad.\" \/>\n<meta property=\"og:url\" content=\"https:\/\/eu.designkayaks.com\/es\/product\/unplugged-pe-kayak-de-mar\/\" \/>\n<meta property=\"og:site_name\" content=\"Designkayaks EU\" \/>\n<meta property=\"article:modified_time\" content=\"2025-08-19T14:11:47+00:00\" \/>\n<meta property=\"og:image\" content=\"https:\/\/eu.designkayaks.com\/wp-content\/uploads\/designkayaks-unplugged-top-turquoisesea-1000x1000-1.jpg\" \/>\n\t<meta property=\"og:image:width\" content=\"1000\" \/>\n\t<meta property=\"og:image:height\" content=\"1000\" \/>\n\t<meta property=\"og:image:type\" content=\"image\/jpeg\" \/>\n<meta name=\"twitter:card\" content=\"summary_large_image\" \/>\n<meta name=\"twitter:label1\" content=\"Tiempo de lectura\" \/>\n\t<meta name=\"twitter:data1\" content=\"4 minutos\" \/>\n<script type=\"application\/ld+json\" class=\"yoast-schema-graph\">{\"@context\":\"https:\/\/schema.org\",\"@graph\":[{\"@type\":\"WebPage\",\"@id\":\"https:\/\/eu.designkayaks.com\/es\/product\/unplugged-pe-kayak-de-mar\/\",\"url\":\"https:\/\/eu.designkayaks.com\/es\/product\/unplugged-pe-kayak-de-mar\/\",\"name\":\"Unplugged PE Kayak de Mar - Designkayaks EU\",\"isPartOf\":{\"@id\":\"https:\/\/eu.designkayaks.com\/es\/#website\"},\"primaryImageOfPage\":{\"@id\":\"https:\/\/eu.designkayaks.com\/es\/product\/unplugged-pe-kayak-de-mar\/#primaryimage\"},\"image\":{\"@id\":\"https:\/\/eu.designkayaks.com\/es\/product\/unplugged-pe-kayak-de-mar\/#primaryimage\"},\"thumbnailUrl\":\"https:\/\/eu.designkayaks.com\/wp-content\/uploads\/designkayaks-unplugged-top-turquoisesea-1000x1000-1.jpg\",\"datePublished\":\"2021-11-18T10:34:51+00:00\",\"dateModified\":\"2025-08-19T14:11:47+00:00\",\"description\":\"El kayak de mar Unplugged tiene una excelente relaci\u00f3n calidad-precio. Es un kayak de mar que alegra a los palistas de todos los niveles con un alto rendimiento y gran comodidad.\",\"breadcrumb\":{\"@id\":\"https:\/\/eu.designkayaks.com\/es\/product\/unplugged-pe-kayak-de-mar\/#breadcrumb\"},\"inLanguage\":\"es\",\"potentialAction\":[{\"@type\":\"ReadAction\",\"target\":[\"https:\/\/eu.designkayaks.com\/es\/product\/unplugged-pe-kayak-de-mar\/\"]}]},{\"@type\":\"ImageObject\",\"inLanguage\":\"es\",\"@id\":\"https:\/\/eu.designkayaks.com\/es\/product\/unplugged-pe-kayak-de-mar\/#primaryimage\",\"url\":\"https:\/\/eu.designkayaks.com\/wp-content\/uploads\/designkayaks-unplugged-top-turquoisesea-1000x1000-1.jpg\",\"contentUrl\":\"https:\/\/eu.designkayaks.com\/wp-content\/uploads\/designkayaks-unplugged-top-turquoisesea-1000x1000-1.jpg\",\"width\":1000,\"height\":1000,\"caption\":\"designkayaks unplugged modelo kayak de mar vista superior color turquesa mar\"},{\"@type\":\"BreadcrumbList\",\"@id\":\"https:\/\/eu.designkayaks.com\/es\/product\/unplugged-pe-kayak-de-mar\/#breadcrumb\",\"itemListElement\":[{\"@type\":\"ListItem\",\"position\":1,\"name\":\"Home\",\"item\":\"https:\/\/eu.designkayaks.com\/es\/?page_id=8346\"},{\"@type\":\"ListItem\",\"position\":2,\"name\":\"Tienda\",\"item\":\"https:\/\/eu.designkayaks.com\/es\/tienda\/\"},{\"@type\":\"ListItem\",\"position\":3,\"name\":\"Unplugged PE Kayak de Mar\"}]},{\"@type\":\"WebSite\",\"@id\":\"https:\/\/eu.designkayaks.com\/es\/#website\",\"url\":\"https:\/\/eu.designkayaks.com\/es\/\",\"name\":\"Designkayaks EU\",\"description\":\"Sea Kayaks\",\"potentialAction\":[{\"@type\":\"SearchAction\",\"target\":{\"@type\":\"EntryPoint\",\"urlTemplate\":\"https:\/\/eu.designkayaks.com\/es\/?s={search_term_string}\"},\"query-input\":{\"@type\":\"PropertyValueSpecification\",\"valueRequired\":true,\"valueName\":\"search_term_string\"}}],\"inLanguage\":\"es\"}]}<\/script>\n<!-- \/ Yoast SEO plugin. -->","yoast_head_json":{"title":"Unplugged PE Kayak de Mar - Designkayaks EU","description":"El kayak de mar Unplugged tiene una excelente relaci\u00f3n calidad-precio. Es un kayak de mar que alegra a los palistas de todos los niveles con un alto rendimiento y gran comodidad.","robots":{"index":"noindex","follow":"follow","max-snippet":"max-snippet:-1","max-image-preview":"max-image-preview:large","max-video-preview":"max-video-preview:-1"},"og_locale":"es_ES","og_type":"article","og_title":"Unplugged PE Kayak de Mar - Designkayaks EU","og_description":"El kayak de mar Unplugged tiene una excelente relaci\u00f3n calidad-precio. Es un kayak de mar que alegra a los palistas de todos los niveles con un alto rendimiento y gran comodidad.","og_url":"https:\/\/eu.designkayaks.com\/es\/product\/unplugged-pe-kayak-de-mar\/","og_site_name":"Designkayaks EU","article_modified_time":"2025-08-19T14:11:47+00:00","og_image":[{"width":1000,"height":1000,"url":"https:\/\/eu.designkayaks.com\/wp-content\/uploads\/designkayaks-unplugged-top-turquoisesea-1000x1000-1.jpg","type":"image\/jpeg"}],"twitter_card":"summary_large_image","twitter_misc":{"Tiempo de lectura":"4 minutos"},"schema":{"@context":"https:\/\/schema.org","@graph":[{"@type":"WebPage","@id":"https:\/\/eu.designkayaks.com\/es\/product\/unplugged-pe-kayak-de-mar\/","url":"https:\/\/eu.designkayaks.com\/es\/product\/unplugged-pe-kayak-de-mar\/","name":"Unplugged PE Kayak de Mar - Designkayaks EU","isPartOf":{"@id":"https:\/\/eu.designkayaks.com\/es\/#website"},"primaryImageOfPage":{"@id":"https:\/\/eu.designkayaks.com\/es\/product\/unplugged-pe-kayak-de-mar\/#primaryimage"},"image":{"@id":"https:\/\/eu.designkayaks.com\/es\/product\/unplugged-pe-kayak-de-mar\/#primaryimage"},"thumbnailUrl":"https:\/\/eu.designkayaks.com\/wp-content\/uploads\/designkayaks-unplugged-top-turquoisesea-1000x1000-1.jpg","datePublished":"2021-11-18T10:34:51+00:00","dateModified":"2025-08-19T14:11:47+00:00","description":"El kayak de mar Unplugged tiene una excelente relaci\u00f3n calidad-precio. Es un kayak de mar que alegra a los palistas de todos los niveles con un alto rendimiento y gran comodidad.","breadcrumb":{"@id":"https:\/\/eu.designkayaks.com\/es\/product\/unplugged-pe-kayak-de-mar\/#breadcrumb"},"inLanguage":"es","potentialAction":[{"@type":"ReadAction","target":["https:\/\/eu.designkayaks.com\/es\/product\/unplugged-pe-kayak-de-mar\/"]}]},{"@type":"ImageObject","inLanguage":"es","@id":"https:\/\/eu.designkayaks.com\/es\/product\/unplugged-pe-kayak-de-mar\/#primaryimage","url":"https:\/\/eu.designkayaks.com\/wp-content\/uploads\/designkayaks-unplugged-top-turquoisesea-1000x1000-1.jpg","contentUrl":"https:\/\/eu.designkayaks.com\/wp-content\/uploads\/designkayaks-unplugged-top-turquoisesea-1000x1000-1.jpg","width":1000,"height":1000,"caption":"designkayaks unplugged modelo kayak de mar vista superior color turquesa mar"},{"@type":"BreadcrumbList","@id":"https:\/\/eu.designkayaks.com\/es\/product\/unplugged-pe-kayak-de-mar\/#breadcrumb","itemListElement":[{"@type":"ListItem","position":1,"name":"Home","item":"https:\/\/eu.designkayaks.com\/es\/?page_id=8346"},{"@type":"ListItem","position":2,"name":"Tienda","item":"https:\/\/eu.designkayaks.com\/es\/tienda\/"},{"@type":"ListItem","position":3,"name":"Unplugged PE Kayak de Mar"}]},{"@type":"WebSite","@id":"https:\/\/eu.designkayaks.com\/es\/#website","url":"https:\/\/eu.designkayaks.com\/es\/","name":"Designkayaks EU","description":"Sea Kayaks","potentialAction":[{"@type":"SearchAction","target":{"@type":"EntryPoint","urlTemplate":"https:\/\/eu.designkayaks.com\/es\/?s={search_term_string}"},"query-input":{"@type":"PropertyValueSpecification","valueRequired":true,"valueName":"search_term_string"}}],"inLanguage":"es"}]}},"_links":{"self":[{"href":"https:\/\/eu.designkayaks.com\/es\/wp-json\/wp\/v2\/product\/7982","targetHints":{"allow":["GET"]}}],"collection":[{"href":"https:\/\/eu.designkayaks.com\/es\/wp-json\/wp\/v2\/product"}],"about":[{"href":"https:\/\/eu.designkayaks.com\/es\/wp-json\/wp\/v2\/types\/product"}],"wp:featuredmedia":[{"embeddable":true,"href":"https:\/\/eu.designkayaks.com\/es\/wp-json\/wp\/v2\/media\/6980"}],"wp:attachment":[{"href":"https:\/\/eu.designkayaks.com\/es\/wp-json\/wp\/v2\/media?parent=7982"}],"wp:term":[{"taxonomy":"product_brand","embeddable":true,"href":"https:\/\/eu.designkayaks.com\/es\/wp-json\/wp\/v2\/product_brand?post=7982"},{"taxonomy":"product_cat","embeddable":true,"href":"https:\/\/eu.designkayaks.com\/es\/wp-json\/wp\/v2\/product_cat?post=7982"},{"taxonomy":"product_tag","embeddable":true,"href":"https:\/\/eu.designkayaks.com\/es\/wp-json\/wp\/v2\/product_tag?post=7982"}],"curies":[{"name":"wp","href":"https:\/\/api.w.org\/{rel}","templated":true}]}}