{"id":8381,"date":"2024-11-26T14:07:22","date_gmt":"2024-11-26T13:07:22","guid":{"rendered":"https:\/\/eu.designkayaks.com\/product\/endless-gfx-kayak-de-mar-de-fibra-de-vidrio\/"},"modified":"2025-08-20T09:11:23","modified_gmt":"2025-08-20T07:11:23","slug":"endless-gfx-kayak-de-mar-de-fibra-de-vidrio","status":"publish","type":"product","link":"https:\/\/eu.designkayaks.com\/es\/product\/endless-gfx-kayak-de-mar-de-fibra-de-vidrio\/","title":{"rendered":"Endless GFX Kayak Mar Fibra de Vidrio"},"content":{"rendered":"<h2>Descripci\u00f3n del kayak de fibra de vidrio Endless GFX<\/h2>\n<p>El Endless GFX es el primer kayak de fibra de vidrio de DesignKayaks. GFX son las siglas de Glass Fiber eXcellence (excelencia en fibra de vidrio). Este material de fibra de vidrio hace que el kayak sea m\u00e1s ligero y r\u00e1pido que el modelo Endless equivalente de pl\u00e1stico.<\/p>\n<h3>Acerca del kayak Endless de fibra de vidrio<\/h3>\n<p>El modelo Endless de fibra de vidrio conserva las mismas excelentes caracter\u00edsticas de paleo que la versi\u00f3n de pl\u00e1stico. Su dise\u00f1o largo y estrecho con casco redondeado crea un kayak impresionante con un deslizamiento ultrasuave por el agua. Una larga l\u00ednea de flotaci\u00f3n y cubiertas bajas a proa y popa hacen que el kayak Endless sea muy direccional y se vea m\u00ednimamente afectado por el viento. El kayak Endless es un kayak de mar dise\u00f1ado para avanzar, lo que lo hace ideal para viajes largos. Las grandes escotillas ovaladas facilitan el equipaje, mientras que el respaldo ajustable aumenta la comodidad durante los viajes largos.<\/p>\n<h3>Asiento de carbono y confort excepcional<\/h3>\n<p>El asiento ergon\u00f3mico de carbono se combina con un respaldo acolchado y regulable que se puede ajustar con el sistema de trinquetes y correas mientras est\u00e1s sentado en el kayak. Esto te proporciona como palista una comodidad sin igual y te permite hacer traves\u00edas y ejercicios durante m\u00e1s horas.<\/p>\n<h3>Gu\u00eda de tallas del kayak Endless de fibra de vidrio<\/h3>\n<p>La altura, el peso y el volumen de cadera\/muslo son factores cruciales para determinar la talla adecuada para ti. <\/p>\n<p><strong>Talla recomendada <\/strong><br \/>\nRegular: 160-190 cm, hasta 85 kg aproximadamente.<br \/>\nGrande: 170-210 cm, a partir de 85 kg aproximadamente (las personas de m\u00e1s de 110 kg pueden encontrar estrecha la ba\u00f1era).<\/p>\n<p><strong>\u00bfEst\u00e1s entre Regular y Grande?<\/strong>  Si tienes caderas y muslos m\u00e1s anchos, prefieres m\u00e1s comodidad o necesitas capacidad extra para el equipaje, opta por la Grande. Si das prioridad a la remada t\u00e9cnica y a un mayor contacto del cuerpo con el kayak, elige el Regular. Si ya conoces el modelo Endless de pl\u00e1stico, ten en cuenta que el kayak Endless de fibra de vidrio es ligeramente m\u00e1s espacioso que la versi\u00f3n de pl\u00e1stico.<\/p>\n<p>\u00bfQu\u00e9 m\u00e1s quieres saber sobre el Endless? Para m\u00e1s detalles, echa un vistazo a <a href=\"https:\/\/www.designkayaks.com\/kayaks\/endless-seakayak\/\">designkayaks.<\/a> com <\/p>\n<p>\u00bfBuscas otro tipo de kayak de mar? Echa un vistazo <a href=\"https:\/\/eu.designkayaks.com\/product\/unplugged-sea-kayak\/\">al Unplugged<\/a> perfecto para principiantes o <a href=\"https:\/\/eu.designkayaks.com\/product\/awesome-sea-kayak\/\">al Awesome<\/a> para el palista juguet\u00f3n.<\/p>\n","protected":false},"excerpt":{"rendered":"<p>El Endless Sea Kayak GFX: Este kayak de fibra de vidrio largo, estrecho y ligero presenta una forma de casco inspirada en el mundo del surfski, lo que lo hace ultrarr\u00e1pido. Con un amplio volumen de carga y una comodidad de asiento excepcional, ofrece un dise\u00f1o bello y eficaz, perfecto para traves\u00edas prolongadas. <\/p>\n","protected":false},"featured_media":7648,"template":"","meta":{"inline_featured_image":false},"product_brand":[],"product_cat":[173],"product_tag":[],"class_list":{"0":"post-8381","1":"product","2":"type-product","3":"status-publish","4":"has-post-thumbnail","6":"product_cat-kayaks-de-composite","7":"product_shipping_class-kayaks-ue-continental","9":"first","10":"instock","11":"taxable","12":"shipping-taxable","13":"purchasable","14":"product-type-variable","15":"has-default-attributes"},"yoast_head":"<!-- This site is optimized with the Yoast SEO plugin v24.9 - https:\/\/yoast.com\/wordpress\/plugins\/seo\/ -->\n<title>Endless GFX Kayak Mar Fibra de Vidrio<\/title>\n<meta name=\"description\" content=\"El kayak de mar Endless es un El Endless es un kayak de mar r\u00e1pido, dise\u00f1ado con un casco de estilo surfski y moldeado con pl\u00e1stico XDPE ultraliso, construido para la velocidad.\" \/>\n<meta name=\"robots\" content=\"noindex, follow, max-snippet:-1, max-image-preview:large, max-video-preview:-1\" \/>\n<meta property=\"og:locale\" content=\"es_ES\" \/>\n<meta property=\"og:type\" content=\"article\" \/>\n<meta property=\"og:title\" content=\"Endless GFX Kayak Mar Fibra de Vidrio\" \/>\n<meta property=\"og:description\" content=\"El kayak de mar Endless es un El Endless es un kayak de mar r\u00e1pido, dise\u00f1ado con un casco de estilo surfski y moldeado con pl\u00e1stico XDPE ultraliso, construido para la velocidad.\" \/>\n<meta property=\"og:url\" content=\"https:\/\/eu.designkayaks.com\/es\/product\/endless-gfx-kayak-de-mar-de-fibra-de-vidrio\/\" \/>\n<meta property=\"og:site_name\" content=\"Designkayaks EU\" \/>\n<meta property=\"article:modified_time\" content=\"2025-08-20T07:11:23+00:00\" \/>\n<meta property=\"og:image\" content=\"https:\/\/eu.designkayaks.com\/wp-content\/uploads\/designkayaks-endless-gfx-glassfiber-top-turquoise-sea-1000x1000-1.jpg\" \/>\n\t<meta property=\"og:image:width\" content=\"1000\" \/>\n\t<meta property=\"og:image:height\" content=\"1000\" \/>\n\t<meta property=\"og:image:type\" content=\"image\/jpeg\" \/>\n<meta name=\"twitter:card\" content=\"summary_large_image\" \/>\n<meta name=\"twitter:label1\" content=\"Tiempo de lectura\" \/>\n\t<meta name=\"twitter:data1\" content=\"2 minutos\" \/>\n<script type=\"application\/ld+json\" class=\"yoast-schema-graph\">{\"@context\":\"https:\/\/schema.org\",\"@graph\":[{\"@type\":\"WebPage\",\"@id\":\"https:\/\/eu.designkayaks.com\/es\/product\/endless-gfx-kayak-de-mar-de-fibra-de-vidrio\/\",\"url\":\"https:\/\/eu.designkayaks.com\/es\/product\/endless-gfx-kayak-de-mar-de-fibra-de-vidrio\/\",\"name\":\"Endless GFX Kayak Mar Fibra de Vidrio\",\"isPartOf\":{\"@id\":\"https:\/\/eu.designkayaks.com\/es\/#website\"},\"primaryImageOfPage\":{\"@id\":\"https:\/\/eu.designkayaks.com\/es\/product\/endless-gfx-kayak-de-mar-de-fibra-de-vidrio\/#primaryimage\"},\"image\":{\"@id\":\"https:\/\/eu.designkayaks.com\/es\/product\/endless-gfx-kayak-de-mar-de-fibra-de-vidrio\/#primaryimage\"},\"thumbnailUrl\":\"https:\/\/eu.designkayaks.com\/wp-content\/uploads\/designkayaks-endless-gfx-glassfiber-top-turquoise-sea-1000x1000-1.jpg\",\"datePublished\":\"2024-11-26T13:07:22+00:00\",\"dateModified\":\"2025-08-20T07:11:23+00:00\",\"description\":\"El kayak de mar Endless es un El Endless es un kayak de mar r\u00e1pido, dise\u00f1ado con un casco de estilo surfski y moldeado con pl\u00e1stico XDPE ultraliso, construido para la velocidad.\",\"breadcrumb\":{\"@id\":\"https:\/\/eu.designkayaks.com\/es\/product\/endless-gfx-kayak-de-mar-de-fibra-de-vidrio\/#breadcrumb\"},\"inLanguage\":\"es\",\"potentialAction\":[{\"@type\":\"ReadAction\",\"target\":[\"https:\/\/eu.designkayaks.com\/es\/product\/endless-gfx-kayak-de-mar-de-fibra-de-vidrio\/\"]}]},{\"@type\":\"ImageObject\",\"inLanguage\":\"es\",\"@id\":\"https:\/\/eu.designkayaks.com\/es\/product\/endless-gfx-kayak-de-mar-de-fibra-de-vidrio\/#primaryimage\",\"url\":\"https:\/\/eu.designkayaks.com\/wp-content\/uploads\/designkayaks-endless-gfx-glassfiber-top-turquoise-sea-1000x1000-1.jpg\",\"contentUrl\":\"https:\/\/eu.designkayaks.com\/wp-content\/uploads\/designkayaks-endless-gfx-glassfiber-top-turquoise-sea-1000x1000-1.jpg\",\"width\":1000,\"height\":1000,\"caption\":\"designkayaks endless gfx fibra de vidrio modelo kayak de mar vista superior color turquesa mar\"},{\"@type\":\"BreadcrumbList\",\"@id\":\"https:\/\/eu.designkayaks.com\/es\/product\/endless-gfx-kayak-de-mar-de-fibra-de-vidrio\/#breadcrumb\",\"itemListElement\":[{\"@type\":\"ListItem\",\"position\":1,\"name\":\"Home\",\"item\":\"https:\/\/eu.designkayaks.com\/es\/?page_id=8346\"},{\"@type\":\"ListItem\",\"position\":2,\"name\":\"Tienda\",\"item\":\"https:\/\/eu.designkayaks.com\/es\/tienda\/\"},{\"@type\":\"ListItem\",\"position\":3,\"name\":\"Endless GFX Kayak Mar Fibra de Vidrio\"}]},{\"@type\":\"WebSite\",\"@id\":\"https:\/\/eu.designkayaks.com\/es\/#website\",\"url\":\"https:\/\/eu.designkayaks.com\/es\/\",\"name\":\"Designkayaks EU\",\"description\":\"Sea Kayaks\",\"potentialAction\":[{\"@type\":\"SearchAction\",\"target\":{\"@type\":\"EntryPoint\",\"urlTemplate\":\"https:\/\/eu.designkayaks.com\/es\/?s={search_term_string}\"},\"query-input\":{\"@type\":\"PropertyValueSpecification\",\"valueRequired\":true,\"valueName\":\"search_term_string\"}}],\"inLanguage\":\"es\"}]}<\/script>\n<!-- \/ Yoast SEO plugin. -->","yoast_head_json":{"title":"Endless GFX Kayak Mar Fibra de Vidrio","description":"El kayak de mar Endless es un El Endless es un kayak de mar r\u00e1pido, dise\u00f1ado con un casco de estilo surfski y moldeado con pl\u00e1stico XDPE ultraliso, construido para la velocidad.","robots":{"index":"noindex","follow":"follow","max-snippet":"max-snippet:-1","max-image-preview":"max-image-preview:large","max-video-preview":"max-video-preview:-1"},"og_locale":"es_ES","og_type":"article","og_title":"Endless GFX Kayak Mar Fibra de Vidrio","og_description":"El kayak de mar Endless es un El Endless es un kayak de mar r\u00e1pido, dise\u00f1ado con un casco de estilo surfski y moldeado con pl\u00e1stico XDPE ultraliso, construido para la velocidad.","og_url":"https:\/\/eu.designkayaks.com\/es\/product\/endless-gfx-kayak-de-mar-de-fibra-de-vidrio\/","og_site_name":"Designkayaks EU","article_modified_time":"2025-08-20T07:11:23+00:00","og_image":[{"width":1000,"height":1000,"url":"https:\/\/eu.designkayaks.com\/wp-content\/uploads\/designkayaks-endless-gfx-glassfiber-top-turquoise-sea-1000x1000-1.jpg","type":"image\/jpeg"}],"twitter_card":"summary_large_image","twitter_misc":{"Tiempo de lectura":"2 minutos"},"schema":{"@context":"https:\/\/schema.org","@graph":[{"@type":"WebPage","@id":"https:\/\/eu.designkayaks.com\/es\/product\/endless-gfx-kayak-de-mar-de-fibra-de-vidrio\/","url":"https:\/\/eu.designkayaks.com\/es\/product\/endless-gfx-kayak-de-mar-de-fibra-de-vidrio\/","name":"Endless GFX Kayak Mar Fibra de Vidrio","isPartOf":{"@id":"https:\/\/eu.designkayaks.com\/es\/#website"},"primaryImageOfPage":{"@id":"https:\/\/eu.designkayaks.com\/es\/product\/endless-gfx-kayak-de-mar-de-fibra-de-vidrio\/#primaryimage"},"image":{"@id":"https:\/\/eu.designkayaks.com\/es\/product\/endless-gfx-kayak-de-mar-de-fibra-de-vidrio\/#primaryimage"},"thumbnailUrl":"https:\/\/eu.designkayaks.com\/wp-content\/uploads\/designkayaks-endless-gfx-glassfiber-top-turquoise-sea-1000x1000-1.jpg","datePublished":"2024-11-26T13:07:22+00:00","dateModified":"2025-08-20T07:11:23+00:00","description":"El kayak de mar Endless es un El Endless es un kayak de mar r\u00e1pido, dise\u00f1ado con un casco de estilo surfski y moldeado con pl\u00e1stico XDPE ultraliso, construido para la velocidad.","breadcrumb":{"@id":"https:\/\/eu.designkayaks.com\/es\/product\/endless-gfx-kayak-de-mar-de-fibra-de-vidrio\/#breadcrumb"},"inLanguage":"es","potentialAction":[{"@type":"ReadAction","target":["https:\/\/eu.designkayaks.com\/es\/product\/endless-gfx-kayak-de-mar-de-fibra-de-vidrio\/"]}]},{"@type":"ImageObject","inLanguage":"es","@id":"https:\/\/eu.designkayaks.com\/es\/product\/endless-gfx-kayak-de-mar-de-fibra-de-vidrio\/#primaryimage","url":"https:\/\/eu.designkayaks.com\/wp-content\/uploads\/designkayaks-endless-gfx-glassfiber-top-turquoise-sea-1000x1000-1.jpg","contentUrl":"https:\/\/eu.designkayaks.com\/wp-content\/uploads\/designkayaks-endless-gfx-glassfiber-top-turquoise-sea-1000x1000-1.jpg","width":1000,"height":1000,"caption":"designkayaks endless gfx fibra de vidrio modelo kayak de mar vista superior color turquesa mar"},{"@type":"BreadcrumbList","@id":"https:\/\/eu.designkayaks.com\/es\/product\/endless-gfx-kayak-de-mar-de-fibra-de-vidrio\/#breadcrumb","itemListElement":[{"@type":"ListItem","position":1,"name":"Home","item":"https:\/\/eu.designkayaks.com\/es\/?page_id=8346"},{"@type":"ListItem","position":2,"name":"Tienda","item":"https:\/\/eu.designkayaks.com\/es\/tienda\/"},{"@type":"ListItem","position":3,"name":"Endless GFX Kayak Mar Fibra de Vidrio"}]},{"@type":"WebSite","@id":"https:\/\/eu.designkayaks.com\/es\/#website","url":"https:\/\/eu.designkayaks.com\/es\/","name":"Designkayaks EU","description":"Sea Kayaks","potentialAction":[{"@type":"SearchAction","target":{"@type":"EntryPoint","urlTemplate":"https:\/\/eu.designkayaks.com\/es\/?s={search_term_string}"},"query-input":{"@type":"PropertyValueSpecification","valueRequired":true,"valueName":"search_term_string"}}],"inLanguage":"es"}]}},"_links":{"self":[{"href":"https:\/\/eu.designkayaks.com\/es\/wp-json\/wp\/v2\/product\/8381","targetHints":{"allow":["GET"]}}],"collection":[{"href":"https:\/\/eu.designkayaks.com\/es\/wp-json\/wp\/v2\/product"}],"about":[{"href":"https:\/\/eu.designkayaks.com\/es\/wp-json\/wp\/v2\/types\/product"}],"wp:featuredmedia":[{"embeddable":true,"href":"https:\/\/eu.designkayaks.com\/es\/wp-json\/wp\/v2\/media\/7648"}],"wp:attachment":[{"href":"https:\/\/eu.designkayaks.com\/es\/wp-json\/wp\/v2\/media?parent=8381"}],"wp:term":[{"taxonomy":"product_brand","embeddable":true,"href":"https:\/\/eu.designkayaks.com\/es\/wp-json\/wp\/v2\/product_brand?post=8381"},{"taxonomy":"product_cat","embeddable":true,"href":"https:\/\/eu.designkayaks.com\/es\/wp-json\/wp\/v2\/product_cat?post=8381"},{"taxonomy":"product_tag","embeddable":true,"href":"https:\/\/eu.designkayaks.com\/es\/wp-json\/wp\/v2\/product_tag?post=8381"}],"curies":[{"name":"wp","href":"https:\/\/api.w.org\/{rel}","templated":true}]}}