{"id":7953,"date":"2021-11-18T11:34:51","date_gmt":"2021-11-18T10:34:51","guid":{"rendered":"https:\/\/eu.designkayaks.com\/product\/kayak-de-mer-pe-debranche\/"},"modified":"2025-08-19T15:17:30","modified_gmt":"2025-08-19T13:17:30","slug":"kayak-de-mer-pe-debranche","status":"publish","type":"product","link":"https:\/\/eu.designkayaks.com\/fr\/product\/kayak-de-mer-pe-debranche\/","title":{"rendered":"Kayak de mer PE d\u00e9branch\u00e9"},"content":{"rendered":"<h2>Description du kayak de mer Unplugged PE<\/h2>\n<p>Le kayak de mer Unplugged est un kayak qui fait le bonheur des pagayeurs de tous niveaux. L&#8217;Unplugged est un excellent kayak pour les d\u00e9butants, mais il continue \u00e0 offrir beaucoup de plaisir au fur et \u00e0 mesure que vous gagnez en exp\u00e9rience. L&#8217;Unplugged a \u00e9t\u00e9 cr\u00e9\u00e9 avec le d\u00e9sir de fournir un kayak de mer solide et performant qui laisse de la place au d\u00e9veloppement des comp\u00e9tences. En d&#8217;autres termes, l&#8217;Unplugged est construit pour vous donner la meilleure base possible pour l&#8217;apprentissage des mouvements et des techniques. Si vous avez d\u00e9j\u00e0 beaucoup d&#8217;exp\u00e9rience en kayak, l&#8217;Unplugged est un excellent choix si vous cherchez un kayak polyvalent que tout le monde peut appr\u00e9cier.    <\/p>\n<h3>Conception r\u00e9fl\u00e9chie<\/h3>\n<p>Avec une sym\u00e9trie moderne et une proue \u00e9lanc\u00e9e, le design offre une excellente trajectoire, particuli\u00e8rement adapt\u00e9e \u00e0 un kayak sans gouvernail. Le pont arri\u00e8re est bas pour minimiser la r\u00e9sistance au vent, ce qui facilite le retournement et la remont\u00e9e dans le kayak lors d&#8217;un auto-sauvetage. <\/p>\n<h3>Vitesse et stabilit\u00e9 pour la confiance<\/h3>\n<p>La forme de la coque est l&#8217;une des raisons pour lesquelles l&#8217;Unplugged est un si bon kayak pour d\u00e9butants. En forme de V peu profond, elle offre une grande stabilit\u00e9 qui inspire confiance aux nouveaux pagayeurs, tandis qu&#8217;une ligne de quille continue assure une bonne vitesse sans sacrifier la maniabilit\u00e9. <\/p>\n<h3>Le confort et le contr\u00f4le au premier plan<\/h3>\n<p>Le si\u00e8ge ergonomique et le dossier rembourr\u00e9 offrent une exp\u00e9rience tr\u00e8s confortable dans le cockpit. Il y a beaucoup d&#8217;espace, tandis que les cale-cuisses int\u00e9gr\u00e9s assurent un contact optimal avec le kayak. L&#8217;Unplugged est dot\u00e9 d&#8217;un cockpit en forme de trou de serrure moyen qui favorise une excellente technique de pagayage tout en \u00e9tant suffisamment large \u00e0 l&#8217;avant pour faciliter l&#8217;entr\u00e9e et la sortie, ce qui en fait un kayak id\u00e9al pour les d\u00e9butants. Le bord du cockpit est encastr\u00e9 dans une large rainure pour faciliter la fixation de votre spray deck.   <\/p>\n<h3>Des d\u00e9tails bien pens\u00e9s<\/h3>\n<p>En plus d&#8217;un pont bien con\u00e7u avec des \u00e9lastiques et des lignes essentiels, nous avons ajout\u00e9 un rouleau de pagaie sur l&#8217;une des lignes du pont avant, de sorte qu&#8217;il est facile de s\u00e9curiser votre pagaie sous la ligne pendant les pauses. Le kayak de mer Unplugged poss\u00e8de des cloisons solides, scell\u00e9es des deux c\u00f4t\u00e9s. Les \u00e9coutilles rondes sont faciles \u00e0 mettre et \u00e0 enlever. Toutes les ferrures sont encastr\u00e9es pour minimiser le risque de blessures aux mains ou aux doigts pendant que vous pagayez, et le bo\u00eetier de commande de la d\u00e9rive est situ\u00e9 au niveau des hanches, ce qui permet de l&#8217;actionner facilement tout en restant \u00e0 l&#8217;\u00e9cart de vos jambes.   <\/p>\n<h3>Faites v\u00f4tre le kayak de mer d\u00e9branch\u00e9<\/h3>\n<p>Vous pouvez personnaliser votre kayak en choisissant des couleurs uniques, en ajoutant des \u00e9quipements suppl\u00e9mentaires et en concevant un kayak qui vous est vraiment propre. Une fois que vous avez choisi la couleur et la taille de votre kayak, s\u00e9lectionnez &#8220;concevez votre propre kayak&#8221; pour jouer avec les couleurs et les options d&#8217;\u00e9quipement. Sur l&#8217;Unplugged, vous pouvez ajouter un compartiment de rangement suppl\u00e9mentaire sur le pont avant avec le daybox de 3,5 litres de Kajak Sport. Si vous voulez un gouvernail, l&#8217;Unplugged est pr\u00e9par\u00e9 pour en avoir un avec un passage de c\u00e2ble interne et un raccord en acier inoxydable pour le montage du gouvernail. Derri\u00e8re le cockpit, vous pouvez installer notre syst\u00e8me de sauvetage avec des boucles YKK pour s\u00e9curiser la pagaie lors d&#8217;un auto-sauvetage &#8211; une s\u00e9curit\u00e9 suppl\u00e9mentaire pour un kayak de d\u00e9butant. En outre, vous pouvez opter pour un support de verrouillage en acier inoxydable si vous devez laisser le kayak dans des zones expos\u00e9es. Si vous voulez assurer un meilleur contact avec votre kayak, vous pouvez choisir les repose-pieds SmartTrack Transitional comme option suppl\u00e9mentaire.      <\/p>\n<h3>Kayak de mer Unplugged &#8211; Guide des tailles<\/h3>\n<p>Unplugged est disponible en deux tailles. Votre taille, votre poids ainsi que vos mesures de cuisse et de hanche sont des \u00e9l\u00e9ments cl\u00e9s pour d\u00e9terminer si vous correspondez \u00e0 la taille Regular ou Large.  <\/p>\n<p>Voici un guide des tailles :<br \/>\nRegular : 160-185 cm, jusqu\u2019\u00e0 environ 90 kg.<br \/>Large : 170-210 cm, \u00e0 partir d\u2019environ 90 kg.<\/p>\n<p>&nbsp;<\/p>\n<p>Vous voulez en savoir plus sur Unplugged ? Pour plus de d\u00e9tails, consultez <a href=\"https:\/\/www.designkayaks.com\/kayaks\/unplugged-seakayak\/\">designkayaks.com<\/a> <\/p>\n<p>Vous cherchez un autre type de kayak de mer ? D\u00e9couvrez notre kayak de randonn\u00e9e rapide <a href=\"https:\/\/eu.designkayaks.com\/product\/endless-sea-kayak\/\">Endless<\/a> ou <a href=\"https:\/\/eu.designkayaks.com\/product\/awesome-sea-kayak\/\">l\u2019Awesome<\/a> pour le pagayeur joueur.<\/p>\n","protected":false},"excerpt":{"rendered":"<p>Le kayak de mer Unplugged, avec sa combinaison parfaite de vitesse et de stabilit\u00e9, est un excellent kayak polyvalent. Il convient id\u00e9alement aux nouveaux pagayeurs et \u00e0 ceux ayant d\u00e9j\u00e0 un peu d\u2019exp\u00e9rience, mais il apporte \u00e9galement le sourire aux pagayeurs plus avanc\u00e9s. <\/p>\n","protected":false},"featured_media":6977,"template":"","meta":{"inline_featured_image":false},"product_brand":[],"product_cat":[99],"product_tag":[],"class_list":{"0":"post-7953","1":"product","2":"type-product","3":"status-publish","4":"has-post-thumbnail","6":"product_cat-pe-kayaks","7":"product_shipping_class-kayaks-ue-continentale","9":"first","10":"instock","11":"taxable","12":"shipping-taxable","13":"purchasable","14":"product-type-variable","15":"has-default-attributes"},"yoast_head":"<!-- This site is optimized with the Yoast SEO plugin v24.9 - https:\/\/yoast.com\/wordpress\/plugins\/seo\/ -->\n<title>Kayak de mer PE d\u00e9branch\u00e9 - Designkayaks EU<\/title>\n<meta name=\"description\" content=\"Le kayak de mer Unplugged est un excellent rapport qualit\u00e9-prix. C&#039;est un kayak de mer qui fait le bonheur des pagayeurs de tous niveaux gr\u00e2ce \u00e0 ses hautes performances et \u00e0 son grand confort.\" \/>\n<meta name=\"robots\" content=\"noindex, follow, max-snippet:-1, max-image-preview:large, max-video-preview:-1\" \/>\n<meta property=\"og:locale\" content=\"fr_FR\" \/>\n<meta property=\"og:type\" content=\"article\" \/>\n<meta property=\"og:title\" content=\"Kayak de mer PE d\u00e9branch\u00e9 - Designkayaks EU\" \/>\n<meta property=\"og:description\" content=\"Le kayak de mer Unplugged est un excellent rapport qualit\u00e9-prix. C&#039;est un kayak de mer qui fait le bonheur des pagayeurs de tous niveaux gr\u00e2ce \u00e0 ses hautes performances et \u00e0 son grand confort.\" \/>\n<meta property=\"og:url\" content=\"https:\/\/eu.designkayaks.com\/fr\/product\/kayak-de-mer-pe-debranche\/\" \/>\n<meta property=\"og:site_name\" content=\"Designkayaks EU\" \/>\n<meta property=\"article:modified_time\" content=\"2025-08-19T13:17:30+00:00\" \/>\n<meta property=\"og:image\" content=\"https:\/\/eu.designkayaks.com\/wp-content\/uploads\/designkayaks-unplugged-top-turquoisesea-1000x1000-1.jpg\" \/>\n\t<meta property=\"og:image:width\" content=\"1000\" \/>\n\t<meta property=\"og:image:height\" content=\"1000\" \/>\n\t<meta property=\"og:image:type\" content=\"image\/jpeg\" \/>\n<meta name=\"twitter:card\" content=\"summary_large_image\" \/>\n<meta name=\"twitter:label1\" content=\"Dur\u00e9e de lecture estim\u00e9e\" \/>\n\t<meta name=\"twitter:data1\" content=\"4 minutes\" \/>\n<script type=\"application\/ld+json\" class=\"yoast-schema-graph\">{\"@context\":\"https:\/\/schema.org\",\"@graph\":[{\"@type\":\"WebPage\",\"@id\":\"https:\/\/eu.designkayaks.com\/fr\/product\/kayak-de-mer-pe-debranche\/\",\"url\":\"https:\/\/eu.designkayaks.com\/fr\/product\/kayak-de-mer-pe-debranche\/\",\"name\":\"Kayak de mer PE d\u00e9branch\u00e9 - Designkayaks EU\",\"isPartOf\":{\"@id\":\"https:\/\/eu.designkayaks.com\/fr\/#website\"},\"primaryImageOfPage\":{\"@id\":\"https:\/\/eu.designkayaks.com\/fr\/product\/kayak-de-mer-pe-debranche\/#primaryimage\"},\"image\":{\"@id\":\"https:\/\/eu.designkayaks.com\/fr\/product\/kayak-de-mer-pe-debranche\/#primaryimage\"},\"thumbnailUrl\":\"https:\/\/eu.designkayaks.com\/wp-content\/uploads\/designkayaks-unplugged-top-turquoisesea-1000x1000-1.jpg\",\"datePublished\":\"2021-11-18T10:34:51+00:00\",\"dateModified\":\"2025-08-19T13:17:30+00:00\",\"description\":\"Le kayak de mer Unplugged est un excellent rapport qualit\u00e9-prix. C'est un kayak de mer qui fait le bonheur des pagayeurs de tous niveaux gr\u00e2ce \u00e0 ses hautes performances et \u00e0 son grand confort.\",\"breadcrumb\":{\"@id\":\"https:\/\/eu.designkayaks.com\/fr\/product\/kayak-de-mer-pe-debranche\/#breadcrumb\"},\"inLanguage\":\"fr-FR\",\"potentialAction\":[{\"@type\":\"ReadAction\",\"target\":[\"https:\/\/eu.designkayaks.com\/fr\/product\/kayak-de-mer-pe-debranche\/\"]}]},{\"@type\":\"ImageObject\",\"inLanguage\":\"fr-FR\",\"@id\":\"https:\/\/eu.designkayaks.com\/fr\/product\/kayak-de-mer-pe-debranche\/#primaryimage\",\"url\":\"https:\/\/eu.designkayaks.com\/wp-content\/uploads\/designkayaks-unplugged-top-turquoisesea-1000x1000-1.jpg\",\"contentUrl\":\"https:\/\/eu.designkayaks.com\/wp-content\/uploads\/designkayaks-unplugged-top-turquoisesea-1000x1000-1.jpg\",\"width\":1000,\"height\":1000,\"caption\":\"designkayaks unplugged mod\u00e8le kayak de mer vue du dessus couleur mer turquoise\"},{\"@type\":\"BreadcrumbList\",\"@id\":\"https:\/\/eu.designkayaks.com\/fr\/product\/kayak-de-mer-pe-debranche\/#breadcrumb\",\"itemListElement\":[{\"@type\":\"ListItem\",\"position\":1,\"name\":\"Home\",\"item\":\"https:\/\/eu.designkayaks.com\/fr\/?page_id=8342\"},{\"@type\":\"ListItem\",\"position\":2,\"name\":\"Equipement\",\"item\":\"https:\/\/eu.designkayaks.com\/fr\/equipement\/\"},{\"@type\":\"ListItem\",\"position\":3,\"name\":\"Kayak de mer PE d\u00e9branch\u00e9\"}]},{\"@type\":\"WebSite\",\"@id\":\"https:\/\/eu.designkayaks.com\/fr\/#website\",\"url\":\"https:\/\/eu.designkayaks.com\/fr\/\",\"name\":\"Designkayaks EU\",\"description\":\"Sea Kayaks\",\"potentialAction\":[{\"@type\":\"SearchAction\",\"target\":{\"@type\":\"EntryPoint\",\"urlTemplate\":\"https:\/\/eu.designkayaks.com\/fr\/?s={search_term_string}\"},\"query-input\":{\"@type\":\"PropertyValueSpecification\",\"valueRequired\":true,\"valueName\":\"search_term_string\"}}],\"inLanguage\":\"fr-FR\"}]}<\/script>\n<!-- \/ Yoast SEO plugin. -->","yoast_head_json":{"title":"Kayak de mer PE d\u00e9branch\u00e9 - Designkayaks EU","description":"Le kayak de mer Unplugged est un excellent rapport qualit\u00e9-prix. C'est un kayak de mer qui fait le bonheur des pagayeurs de tous niveaux gr\u00e2ce \u00e0 ses hautes performances et \u00e0 son grand confort.","robots":{"index":"noindex","follow":"follow","max-snippet":"max-snippet:-1","max-image-preview":"max-image-preview:large","max-video-preview":"max-video-preview:-1"},"og_locale":"fr_FR","og_type":"article","og_title":"Kayak de mer PE d\u00e9branch\u00e9 - Designkayaks EU","og_description":"Le kayak de mer Unplugged est un excellent rapport qualit\u00e9-prix. C'est un kayak de mer qui fait le bonheur des pagayeurs de tous niveaux gr\u00e2ce \u00e0 ses hautes performances et \u00e0 son grand confort.","og_url":"https:\/\/eu.designkayaks.com\/fr\/product\/kayak-de-mer-pe-debranche\/","og_site_name":"Designkayaks EU","article_modified_time":"2025-08-19T13:17:30+00:00","og_image":[{"width":1000,"height":1000,"url":"https:\/\/eu.designkayaks.com\/wp-content\/uploads\/designkayaks-unplugged-top-turquoisesea-1000x1000-1.jpg","type":"image\/jpeg"}],"twitter_card":"summary_large_image","twitter_misc":{"Dur\u00e9e de lecture estim\u00e9e":"4 minutes"},"schema":{"@context":"https:\/\/schema.org","@graph":[{"@type":"WebPage","@id":"https:\/\/eu.designkayaks.com\/fr\/product\/kayak-de-mer-pe-debranche\/","url":"https:\/\/eu.designkayaks.com\/fr\/product\/kayak-de-mer-pe-debranche\/","name":"Kayak de mer PE d\u00e9branch\u00e9 - Designkayaks EU","isPartOf":{"@id":"https:\/\/eu.designkayaks.com\/fr\/#website"},"primaryImageOfPage":{"@id":"https:\/\/eu.designkayaks.com\/fr\/product\/kayak-de-mer-pe-debranche\/#primaryimage"},"image":{"@id":"https:\/\/eu.designkayaks.com\/fr\/product\/kayak-de-mer-pe-debranche\/#primaryimage"},"thumbnailUrl":"https:\/\/eu.designkayaks.com\/wp-content\/uploads\/designkayaks-unplugged-top-turquoisesea-1000x1000-1.jpg","datePublished":"2021-11-18T10:34:51+00:00","dateModified":"2025-08-19T13:17:30+00:00","description":"Le kayak de mer Unplugged est un excellent rapport qualit\u00e9-prix. C'est un kayak de mer qui fait le bonheur des pagayeurs de tous niveaux gr\u00e2ce \u00e0 ses hautes performances et \u00e0 son grand confort.","breadcrumb":{"@id":"https:\/\/eu.designkayaks.com\/fr\/product\/kayak-de-mer-pe-debranche\/#breadcrumb"},"inLanguage":"fr-FR","potentialAction":[{"@type":"ReadAction","target":["https:\/\/eu.designkayaks.com\/fr\/product\/kayak-de-mer-pe-debranche\/"]}]},{"@type":"ImageObject","inLanguage":"fr-FR","@id":"https:\/\/eu.designkayaks.com\/fr\/product\/kayak-de-mer-pe-debranche\/#primaryimage","url":"https:\/\/eu.designkayaks.com\/wp-content\/uploads\/designkayaks-unplugged-top-turquoisesea-1000x1000-1.jpg","contentUrl":"https:\/\/eu.designkayaks.com\/wp-content\/uploads\/designkayaks-unplugged-top-turquoisesea-1000x1000-1.jpg","width":1000,"height":1000,"caption":"designkayaks unplugged mod\u00e8le kayak de mer vue du dessus couleur mer turquoise"},{"@type":"BreadcrumbList","@id":"https:\/\/eu.designkayaks.com\/fr\/product\/kayak-de-mer-pe-debranche\/#breadcrumb","itemListElement":[{"@type":"ListItem","position":1,"name":"Home","item":"https:\/\/eu.designkayaks.com\/fr\/?page_id=8342"},{"@type":"ListItem","position":2,"name":"Equipement","item":"https:\/\/eu.designkayaks.com\/fr\/equipement\/"},{"@type":"ListItem","position":3,"name":"Kayak de mer PE d\u00e9branch\u00e9"}]},{"@type":"WebSite","@id":"https:\/\/eu.designkayaks.com\/fr\/#website","url":"https:\/\/eu.designkayaks.com\/fr\/","name":"Designkayaks EU","description":"Sea Kayaks","potentialAction":[{"@type":"SearchAction","target":{"@type":"EntryPoint","urlTemplate":"https:\/\/eu.designkayaks.com\/fr\/?s={search_term_string}"},"query-input":{"@type":"PropertyValueSpecification","valueRequired":true,"valueName":"search_term_string"}}],"inLanguage":"fr-FR"}]}},"_links":{"self":[{"href":"https:\/\/eu.designkayaks.com\/fr\/wp-json\/wp\/v2\/product\/7953","targetHints":{"allow":["GET"]}}],"collection":[{"href":"https:\/\/eu.designkayaks.com\/fr\/wp-json\/wp\/v2\/product"}],"about":[{"href":"https:\/\/eu.designkayaks.com\/fr\/wp-json\/wp\/v2\/types\/product"}],"wp:featuredmedia":[{"embeddable":true,"href":"https:\/\/eu.designkayaks.com\/fr\/wp-json\/wp\/v2\/media\/6977"}],"wp:attachment":[{"href":"https:\/\/eu.designkayaks.com\/fr\/wp-json\/wp\/v2\/media?parent=7953"}],"wp:term":[{"taxonomy":"product_brand","embeddable":true,"href":"https:\/\/eu.designkayaks.com\/fr\/wp-json\/wp\/v2\/product_brand?post=7953"},{"taxonomy":"product_cat","embeddable":true,"href":"https:\/\/eu.designkayaks.com\/fr\/wp-json\/wp\/v2\/product_cat?post=7953"},{"taxonomy":"product_tag","embeddable":true,"href":"https:\/\/eu.designkayaks.com\/fr\/wp-json\/wp\/v2\/product_tag?post=7953"}],"curies":[{"name":"wp","href":"https:\/\/api.w.org\/{rel}","templated":true}]}}