{"id":8363,"date":"2024-10-28T14:58:18","date_gmt":"2024-10-28T13:58:18","guid":{"rendered":"https:\/\/eu.designkayaks.com\/product\/kayak-de-mer-unplugged-rs-pe\/"},"modified":"2025-08-20T08:21:30","modified_gmt":"2025-08-20T06:21:30","slug":"kayak-de-mer-unplugged-rs-pe","status":"publish","type":"product","link":"https:\/\/eu.designkayaks.com\/fr\/product\/kayak-de-mer-unplugged-rs-pe\/","title":{"rendered":"Unplugged RS PE Kayak de Mer"},"content":{"rendered":"<h2>Recycl\u00e9 et socialement responsable &#8211; Unplugged RS<\/h2>\n<p>Chez DesignKayaks, la durabilit\u00e9 est au c\u0153ur de notre mission : produire des embarcations de haute performance ayant un impact positif sur l&#8217;environnement et la soci\u00e9t\u00e9. Nous sommes fiers de vous pr\u00e9senter le Unplugged RS &#8211; un kayak con\u00e7u non seulement pour am\u00e9liorer l&#8217;exp\u00e9rience de la pagaie, mais aussi pour \u00e9tablir une nouvelle norme de fabrication respectueuse de l&#8217;environnement dans notre industrie. <\/p>\n<h3>Poly\u00e9thyl\u00e8ne recyclable produit localement<\/h3>\n<p>Le kayak de mer Unplugged RS est fabriqu\u00e9 \u00e0 partir de poly\u00e9thyl\u00e8ne (PE) recycl\u00e9 provenant de sources locales. L&#8217;utilisation de PE recycl\u00e9 minimise non seulement le besoin de plastique vierge, mais r\u00e9duit \u00e9galement notre impact sur l&#8217;environnement, tout en offrant les capacit\u00e9s de navigation et la durabilit\u00e9 exceptionnelles que les pagayeurs attendent du kayak Unplugged de DesignKayaks. De plus, en s&#8217;approvisionnant localement en PE, nous r\u00e9duisons consid\u00e9rablement notre empreinte carbone en diminuant les \u00e9missions li\u00e9es au transport, tout en soutenant les entreprises locales. Cette approche durable des mat\u00e9riaux s&#8217;aligne parfaitement avec notre mission plus large de r\u00e9duction de l&#8217;impact environnemental sans compromettre la performance.   <\/p>\n<h3>Fabrication locale et autonomisation des communaut\u00e9s<\/h3>\n<p>Notre usine, situ\u00e9e \u00e0 George, en Afrique du Sud, est un \u00e9l\u00e9ment cl\u00e9 de notre d\u00e9marche de d\u00e9veloppement durable. En op\u00e9rant localement, nous contribuons directement \u00e0 l&#8217;\u00e9conomie de la r\u00e9gion en cr\u00e9ant des emplois et en veillant \u00e0 ce que notre \u00e9quipe soit profond\u00e9ment impliqu\u00e9e dans tous les aspects du processus de production. Nous sommes fiers de cultiver un lieu de travail qui valorise la dignit\u00e9 humaine, l&#8217;inclusion et la collaboration. Nos employ\u00e9s ont un fort sentiment d&#8217;appartenance, contribuant non seulement \u00e0 la qualit\u00e9 des produits, mais aussi \u00e0 la cr\u00e9ation d&#8217;un environnement de travail positif et favorable. L&#8217;importance accord\u00e9e \u00e0 l&#8217;engagement des travailleurs et \u00e0 l&#8217;artisanat garantit que chaque kayak produit est fabriqu\u00e9 avec soin et fiert\u00e9, ce qui favorise l&#8217;\u00e9tablissement d&#8217;un lien profond entre notre \u00e9quipe et le produit final.    <\/p>\n<h3>Renforcer l&#8217;autonomie des femmes gr\u00e2ce \u00e0 des partenariats de production \u00e9thiques<\/h3>\n<p>Conform\u00e9ment \u00e0 notre engagement en mati\u00e8re de responsabilit\u00e9 sociale, nous avons conclu un partenariat avec <a href=\"https:\/\/wildmongoo.co.za\/\" target=\"_blank\" rel=\"noopener\">Wild Mongoo<\/a>, une organisation locale \u00e0 but non lucratif situ\u00e9e \u00e0 George, en Afrique du Sud, pour la production des coussins et des dossiers des si\u00e8ges Unplugged RS \u00e0 partir de mat\u00e9riaux recycl\u00e9s. La mission de Wild Mongoo est d&#8217;autonomiser les femmes vuln\u00e9rables en leur offrant une formation professionnelle, une formation \u00e0 la gestion d&#8217;entreprise et un soutien \u00e9motionnel, afin de les aider \u00e0 atteindre l&#8217;ind\u00e9pendance financi\u00e8re. Gr\u00e2ce \u00e0 cette collaboration, nous sommes en mesure de contribuer \u00e0 l&#8217;autonomisation des femmes de notre communaut\u00e9 locale tout en nous assurant que les composants cl\u00e9s de nos kayaks sont produits avec soin et dans un but pr\u00e9cis. Chaque coussin de si\u00e8ge et dossier raconte une histoire de r\u00e9silience et d&#8217;autonomisation, ajoutant une autre couche de sens au kayak de mer Unplugged RS.   <\/p>\n<h3>Les performances de la voile au service de la durabilit\u00e9<\/h3>\n<p>Malgr\u00e9 sa conception \u00e9cologique, l&#8217;Unplugged RS conserve les m\u00eames caract\u00e9ristiques de navigation de haute performance que notre <a href=\"https:\/\/eu.designkayaks.com\/product\/unplugged-sea-kayak\/\">kayak de mer Unplugged<\/a>. Les pagayeurs appr\u00e9cieront sa vitesse, sa stabilit\u00e9 et sa maniabilit\u00e9 tout en sachant que leur kayak fait partie d&#8217;un avenir plus durable pour le sport. <\/p>\n<h3>Cr\u00e9ez votre propre apparence sur l&#8217;eau<\/h3>\n<p>Configurez votre Unplugged RS en changeant les lignes, les trappes et les couleurs des \u00e9lastiques. Quelqu&#8217;un a-t-il dit que l&#8217;apparence n&#8217;avait pas d&#8217;importance ? Bien s\u00fbr que si, d&#8217;autant plus que tous les \u00e9l\u00e9ments de base de ces kayaks sont parfaits. Si vous avez besoin d&#8217;une &#8220;bo\u00eete \u00e0 gants&#8221; suppl\u00e9mentaire sur le pont avant, vous pouvez acheter une Day Box de 3,5 litres chez Kajak Sport. Il est \u00e9galement possible d&#8217;ajouter un syst\u00e8me de sauvetage avec des boucles YKK pour maintenir votre pagaie fixe lors d&#8217;un auto-sauvetage. Si n\u00e9cessaire, nous pouvons monter un support de verrouillage en acier inoxydable pour rendre votre nouveau kayak moins int\u00e9ressant pour les voleurs potentiels. Nous pouvons \u00e9galement monter un gouvernail SmartTrack avec un c\u00e2blage int\u00e9rieur si cela vous convient. Si vous voulez assurer un meilleur contact avec votre kayak, vous pouvez choisir les repose-pieds SmartTrack Transitional comme option suppl\u00e9mentaire (si vous choisissez le gouvernail, les repose-pieds SmartTrack sont inclus).       <\/p>\n<h3>Guide des tailles<\/h3>\n<p>Unplugged est disponible en deux tailles. Votre taille, votre poids ainsi que vos mesures de cuisse et de hanche sont des \u00e9l\u00e9ments cl\u00e9s pour d\u00e9terminer si vous correspondez \u00e0 la taille Regular ou Large. <\/p>\n<p>Voici un guide des tailles :<br \/>\nRegular : 160-185 cm, jusqu\u2019\u00e0 environ 90 kg.<br \/>Large : 170-210 cm, \u00e0 partir d\u2019environ 90 kg.<\/p>\n","protected":false},"excerpt":{"rendered":"<p>Le kayak de mer Unplugged, avec sa combinaison parfaite de vitesse et de stabilit\u00e9, est un excellent kayak polyvalent. Il convient parfaitement aux nouveaux pagayeurs et \u00e0 ceux qui ont un peu d&#8217;exp\u00e9rience. Il s&#8217;agit de notre version Special Edition fabriqu\u00e9e en PE recycl\u00e9 et en collaboration avec Wild Mongoo en Afrique du Sud. Vous trouverez plus d&#8217;informations dans la description.   <\/p>\n","protected":false},"featured_media":7105,"template":"","meta":{"inline_featured_image":false},"product_brand":[],"product_cat":[99],"product_tag":[],"class_list":{"0":"post-8363","1":"product","2":"type-product","3":"status-publish","4":"has-post-thumbnail","6":"product_cat-pe-kayaks","7":"product_shipping_class-kayaks-ue-continentale","9":"first","10":"instock","11":"taxable","12":"shipping-taxable","13":"purchasable","14":"product-type-variable","15":"has-default-attributes"},"yoast_head":"<!-- This site is optimized with the Yoast SEO plugin v24.9 - https:\/\/yoast.com\/wordpress\/plugins\/seo\/ -->\n<title>Unplugged RS PE Kayak de Mer - Designkayaks EU<\/title>\n<meta name=\"description\" content=\"Le kayak de mer Unplugged RS est fabriqu\u00e9 \u00e0 partir de poly\u00e9thyl\u00e8ne (PE) recyclable d&#039;origine locale. Malgr\u00e9 sa conception \u00e9cologique, il conserve les m\u00eames caract\u00e9ristiques de navigation de haute performance.\" \/>\n<meta name=\"robots\" content=\"noindex, follow, max-snippet:-1, max-image-preview:large, max-video-preview:-1\" \/>\n<meta property=\"og:locale\" content=\"fr_FR\" \/>\n<meta property=\"og:type\" content=\"article\" \/>\n<meta property=\"og:title\" content=\"Unplugged RS PE Kayak de Mer - Designkayaks EU\" \/>\n<meta property=\"og:description\" content=\"Le kayak de mer Unplugged RS est fabriqu\u00e9 \u00e0 partir de poly\u00e9thyl\u00e8ne (PE) recyclable d&#039;origine locale. Malgr\u00e9 sa conception \u00e9cologique, il conserve les m\u00eames caract\u00e9ristiques de navigation de haute performance.\" \/>\n<meta property=\"og:url\" content=\"https:\/\/eu.designkayaks.com\/fr\/product\/kayak-de-mer-unplugged-rs-pe\/\" \/>\n<meta property=\"og:site_name\" content=\"Designkayaks EU\" \/>\n<meta property=\"article:modified_time\" content=\"2025-08-20T06:21:30+00:00\" \/>\n<meta property=\"og:image\" content=\"https:\/\/eu.designkayaks.com\/wp-content\/uploads\/designkayaks-unplugged-top-racinggreen-rs-1000x1000-1.jpg\" \/>\n\t<meta property=\"og:image:width\" content=\"1000\" \/>\n\t<meta property=\"og:image:height\" content=\"1000\" \/>\n\t<meta property=\"og:image:type\" content=\"image\/jpeg\" \/>\n<meta name=\"twitter:card\" content=\"summary_large_image\" \/>\n<meta name=\"twitter:label1\" content=\"Dur\u00e9e de lecture estim\u00e9e\" \/>\n\t<meta name=\"twitter:data1\" content=\"4 minutes\" \/>\n<script type=\"application\/ld+json\" class=\"yoast-schema-graph\">{\"@context\":\"https:\/\/schema.org\",\"@graph\":[{\"@type\":\"WebPage\",\"@id\":\"https:\/\/eu.designkayaks.com\/fr\/product\/kayak-de-mer-unplugged-rs-pe\/\",\"url\":\"https:\/\/eu.designkayaks.com\/fr\/product\/kayak-de-mer-unplugged-rs-pe\/\",\"name\":\"Unplugged RS PE Kayak de Mer - Designkayaks EU\",\"isPartOf\":{\"@id\":\"https:\/\/eu.designkayaks.com\/fr\/#website\"},\"primaryImageOfPage\":{\"@id\":\"https:\/\/eu.designkayaks.com\/fr\/product\/kayak-de-mer-unplugged-rs-pe\/#primaryimage\"},\"image\":{\"@id\":\"https:\/\/eu.designkayaks.com\/fr\/product\/kayak-de-mer-unplugged-rs-pe\/#primaryimage\"},\"thumbnailUrl\":\"https:\/\/eu.designkayaks.com\/wp-content\/uploads\/designkayaks-unplugged-top-racinggreen-rs-1000x1000-1.jpg\",\"datePublished\":\"2024-10-28T13:58:18+00:00\",\"dateModified\":\"2025-08-20T06:21:30+00:00\",\"description\":\"Le kayak de mer Unplugged RS est fabriqu\u00e9 \u00e0 partir de poly\u00e9thyl\u00e8ne (PE) recyclable d'origine locale. Malgr\u00e9 sa conception \u00e9cologique, il conserve les m\u00eames caract\u00e9ristiques de navigation de haute performance.\",\"breadcrumb\":{\"@id\":\"https:\/\/eu.designkayaks.com\/fr\/product\/kayak-de-mer-unplugged-rs-pe\/#breadcrumb\"},\"inLanguage\":\"fr-FR\",\"potentialAction\":[{\"@type\":\"ReadAction\",\"target\":[\"https:\/\/eu.designkayaks.com\/fr\/product\/kayak-de-mer-unplugged-rs-pe\/\"]}]},{\"@type\":\"ImageObject\",\"inLanguage\":\"fr-FR\",\"@id\":\"https:\/\/eu.designkayaks.com\/fr\/product\/kayak-de-mer-unplugged-rs-pe\/#primaryimage\",\"url\":\"https:\/\/eu.designkayaks.com\/wp-content\/uploads\/designkayaks-unplugged-top-racinggreen-rs-1000x1000-1.jpg\",\"contentUrl\":\"https:\/\/eu.designkayaks.com\/wp-content\/uploads\/designkayaks-unplugged-top-racinggreen-rs-1000x1000-1.jpg\",\"width\":1000,\"height\":1000,\"caption\":\"designkayaks unplugged recycl\u00e9 durable mod\u00e8le kayak de mer vue de dessus couleur vert racing\"},{\"@type\":\"BreadcrumbList\",\"@id\":\"https:\/\/eu.designkayaks.com\/fr\/product\/kayak-de-mer-unplugged-rs-pe\/#breadcrumb\",\"itemListElement\":[{\"@type\":\"ListItem\",\"position\":1,\"name\":\"Home\",\"item\":\"https:\/\/eu.designkayaks.com\/fr\/?page_id=8342\"},{\"@type\":\"ListItem\",\"position\":2,\"name\":\"Equipement\",\"item\":\"https:\/\/eu.designkayaks.com\/fr\/equipement\/\"},{\"@type\":\"ListItem\",\"position\":3,\"name\":\"Unplugged RS PE Kayak de Mer\"}]},{\"@type\":\"WebSite\",\"@id\":\"https:\/\/eu.designkayaks.com\/fr\/#website\",\"url\":\"https:\/\/eu.designkayaks.com\/fr\/\",\"name\":\"Designkayaks EU\",\"description\":\"Sea Kayaks\",\"potentialAction\":[{\"@type\":\"SearchAction\",\"target\":{\"@type\":\"EntryPoint\",\"urlTemplate\":\"https:\/\/eu.designkayaks.com\/fr\/?s={search_term_string}\"},\"query-input\":{\"@type\":\"PropertyValueSpecification\",\"valueRequired\":true,\"valueName\":\"search_term_string\"}}],\"inLanguage\":\"fr-FR\"}]}<\/script>\n<!-- \/ Yoast SEO plugin. -->","yoast_head_json":{"title":"Unplugged RS PE Kayak de Mer - Designkayaks EU","description":"Le kayak de mer Unplugged RS est fabriqu\u00e9 \u00e0 partir de poly\u00e9thyl\u00e8ne (PE) recyclable d'origine locale. Malgr\u00e9 sa conception \u00e9cologique, il conserve les m\u00eames caract\u00e9ristiques de navigation de haute performance.","robots":{"index":"noindex","follow":"follow","max-snippet":"max-snippet:-1","max-image-preview":"max-image-preview:large","max-video-preview":"max-video-preview:-1"},"og_locale":"fr_FR","og_type":"article","og_title":"Unplugged RS PE Kayak de Mer - Designkayaks EU","og_description":"Le kayak de mer Unplugged RS est fabriqu\u00e9 \u00e0 partir de poly\u00e9thyl\u00e8ne (PE) recyclable d'origine locale. Malgr\u00e9 sa conception \u00e9cologique, il conserve les m\u00eames caract\u00e9ristiques de navigation de haute performance.","og_url":"https:\/\/eu.designkayaks.com\/fr\/product\/kayak-de-mer-unplugged-rs-pe\/","og_site_name":"Designkayaks EU","article_modified_time":"2025-08-20T06:21:30+00:00","og_image":[{"width":1000,"height":1000,"url":"https:\/\/eu.designkayaks.com\/wp-content\/uploads\/designkayaks-unplugged-top-racinggreen-rs-1000x1000-1.jpg","type":"image\/jpeg"}],"twitter_card":"summary_large_image","twitter_misc":{"Dur\u00e9e de lecture estim\u00e9e":"4 minutes"},"schema":{"@context":"https:\/\/schema.org","@graph":[{"@type":"WebPage","@id":"https:\/\/eu.designkayaks.com\/fr\/product\/kayak-de-mer-unplugged-rs-pe\/","url":"https:\/\/eu.designkayaks.com\/fr\/product\/kayak-de-mer-unplugged-rs-pe\/","name":"Unplugged RS PE Kayak de Mer - Designkayaks EU","isPartOf":{"@id":"https:\/\/eu.designkayaks.com\/fr\/#website"},"primaryImageOfPage":{"@id":"https:\/\/eu.designkayaks.com\/fr\/product\/kayak-de-mer-unplugged-rs-pe\/#primaryimage"},"image":{"@id":"https:\/\/eu.designkayaks.com\/fr\/product\/kayak-de-mer-unplugged-rs-pe\/#primaryimage"},"thumbnailUrl":"https:\/\/eu.designkayaks.com\/wp-content\/uploads\/designkayaks-unplugged-top-racinggreen-rs-1000x1000-1.jpg","datePublished":"2024-10-28T13:58:18+00:00","dateModified":"2025-08-20T06:21:30+00:00","description":"Le kayak de mer Unplugged RS est fabriqu\u00e9 \u00e0 partir de poly\u00e9thyl\u00e8ne (PE) recyclable d'origine locale. Malgr\u00e9 sa conception \u00e9cologique, il conserve les m\u00eames caract\u00e9ristiques de navigation de haute performance.","breadcrumb":{"@id":"https:\/\/eu.designkayaks.com\/fr\/product\/kayak-de-mer-unplugged-rs-pe\/#breadcrumb"},"inLanguage":"fr-FR","potentialAction":[{"@type":"ReadAction","target":["https:\/\/eu.designkayaks.com\/fr\/product\/kayak-de-mer-unplugged-rs-pe\/"]}]},{"@type":"ImageObject","inLanguage":"fr-FR","@id":"https:\/\/eu.designkayaks.com\/fr\/product\/kayak-de-mer-unplugged-rs-pe\/#primaryimage","url":"https:\/\/eu.designkayaks.com\/wp-content\/uploads\/designkayaks-unplugged-top-racinggreen-rs-1000x1000-1.jpg","contentUrl":"https:\/\/eu.designkayaks.com\/wp-content\/uploads\/designkayaks-unplugged-top-racinggreen-rs-1000x1000-1.jpg","width":1000,"height":1000,"caption":"designkayaks unplugged recycl\u00e9 durable mod\u00e8le kayak de mer vue de dessus couleur vert racing"},{"@type":"BreadcrumbList","@id":"https:\/\/eu.designkayaks.com\/fr\/product\/kayak-de-mer-unplugged-rs-pe\/#breadcrumb","itemListElement":[{"@type":"ListItem","position":1,"name":"Home","item":"https:\/\/eu.designkayaks.com\/fr\/?page_id=8342"},{"@type":"ListItem","position":2,"name":"Equipement","item":"https:\/\/eu.designkayaks.com\/fr\/equipement\/"},{"@type":"ListItem","position":3,"name":"Unplugged RS PE Kayak de Mer"}]},{"@type":"WebSite","@id":"https:\/\/eu.designkayaks.com\/fr\/#website","url":"https:\/\/eu.designkayaks.com\/fr\/","name":"Designkayaks EU","description":"Sea Kayaks","potentialAction":[{"@type":"SearchAction","target":{"@type":"EntryPoint","urlTemplate":"https:\/\/eu.designkayaks.com\/fr\/?s={search_term_string}"},"query-input":{"@type":"PropertyValueSpecification","valueRequired":true,"valueName":"search_term_string"}}],"inLanguage":"fr-FR"}]}},"_links":{"self":[{"href":"https:\/\/eu.designkayaks.com\/fr\/wp-json\/wp\/v2\/product\/8363","targetHints":{"allow":["GET"]}}],"collection":[{"href":"https:\/\/eu.designkayaks.com\/fr\/wp-json\/wp\/v2\/product"}],"about":[{"href":"https:\/\/eu.designkayaks.com\/fr\/wp-json\/wp\/v2\/types\/product"}],"wp:featuredmedia":[{"embeddable":true,"href":"https:\/\/eu.designkayaks.com\/fr\/wp-json\/wp\/v2\/media\/7105"}],"wp:attachment":[{"href":"https:\/\/eu.designkayaks.com\/fr\/wp-json\/wp\/v2\/media?parent=8363"}],"wp:term":[{"taxonomy":"product_brand","embeddable":true,"href":"https:\/\/eu.designkayaks.com\/fr\/wp-json\/wp\/v2\/product_brand?post=8363"},{"taxonomy":"product_cat","embeddable":true,"href":"https:\/\/eu.designkayaks.com\/fr\/wp-json\/wp\/v2\/product_cat?post=8363"},{"taxonomy":"product_tag","embeddable":true,"href":"https:\/\/eu.designkayaks.com\/fr\/wp-json\/wp\/v2\/product_tag?post=8363"}],"curies":[{"name":"wp","href":"https:\/\/api.w.org\/{rel}","templated":true}]}}