{"id":8370,"date":"2024-11-26T14:07:22","date_gmt":"2024-11-26T13:07:22","guid":{"rendered":"https:\/\/eu.designkayaks.com\/product\/kayak-de-mer-endless-gfx-en-fibre-de-verre\/"},"modified":"2025-08-20T09:00:52","modified_gmt":"2025-08-20T07:00:52","slug":"kayak-de-mer-endless-gfx-en-fibre-de-verre","status":"publish","type":"product","link":"https:\/\/eu.designkayaks.com\/fr\/product\/kayak-de-mer-endless-gfx-en-fibre-de-verre\/","title":{"rendered":"Endless GFX Kayak de Mer Fibre de Verre"},"content":{"rendered":"<h2>Description du kayak en fibre de verre Endless GFX<\/h2>\n<p>L&#8217;Endless GFX est le premier kayak en fibre de verre de DesignKayaks. GFX signifie Glass Fiber eXcellence. Ce mat\u00e9riau en fibre de verre rend le kayak \u00e0 la fois plus l\u00e9ger et plus rapide que le mod\u00e8le Endless \u00e9quivalent en plastique.<\/p>\n<h3>\u00c0 propos du kayak en fibre de verre Endless<\/h3>\n<p>Le mod\u00e8le Endless en fibre de verre conserve les m\u00eames excellentes caract\u00e9ristiques de pagayage que la version en plastique. Son design long et \u00e9troit avec une coque arrondie cr\u00e9e un kayak \u00e9tonnant avec une glisse ultra douce sur l&#8217;eau. Une longue ligne de flottaison et des ponts avant et arri\u00e8re bas rendent le kayak Endless tr\u00e8s directionnel et peu sensible au vent. Le kayak Endless est un kayak de mer con\u00e7u pour aller de l&#8217;avant, ce qui le rend id\u00e9al pour les longs voyages. Les grandes \u00e9coutilles ovales facilitent le rangement du mat\u00e9riel, tandis que le dossier r\u00e9glable am\u00e9liore le confort pendant les longs voyages.<\/p>\n<h3>Si\u00e8ge en carbone et confort exceptionnel<\/h3>\n<p>Le si\u00e8ge ergonomique en carbone est associ\u00e9 \u00e0 un dossier extra rembourr\u00e9 et r\u00e9glable \u00e0 l&#8217;aide d&#8217;un syst\u00e8me de cliquet et de sangles lorsque vous \u00eates assis dans le kayak. Cela vous offre un confort in\u00e9gal\u00e9 en tant que pagayeur et vous permet de faire de plus longues heures de randonn\u00e9e et d&#8217;exercice.<\/p>\n<h3>Guide des tailles pour le kayak en fibre de verre Endless<\/h3>\n<p>La taille, le poids et le volume des hanches et des cuisses sont des facteurs essentiels pour d\u00e9terminer la taille qui vous convient. <\/p>\n<p><strong>Taille recommand\u00e9e <\/strong>:<br \/>\nRegular : 160-190 cm, jusqu&#8217;\u00e0 environ 85 kg.<br \/>\nGrand : 170-210 cm, \u00e0 partir d&#8217;environ 85 kg (les personnes de plus de 110 kg peuvent trouver l&#8217;habitacle \u00e9troit).<\/p>\n<p><strong>Vous vous situez entre Regular et Large ?<\/strong><br \/>\nSi vous avez des hanches et des cuisses plus larges, si vous pr\u00e9f\u00e9rez plus de confort ou si vous avez besoin d&#8217;une plus grande capacit\u00e9 pour vos bagages, optez pour le mod\u00e8le Large. Si vous privil\u00e9giez la technique de pagaie et le contact du corps avec le kayak, choisissez le mod\u00e8le Regular. Si vous connaissez d\u00e9j\u00e0 le mod\u00e8le Endless en plastique, sachez que le kayak Endless en fibre de verre est l\u00e9g\u00e8rement plus spacieux que la version en plastique. <\/p>\n<p>Vous voulez en savoir plus sur l&#8217;Endless ? Pour plus de d\u00e9tails, consultez <a href=\"https:\/\/www.designkayaks.com\/kayaks\/endless-seakayak\/\">designkayaks.com<\/a> <\/p>\n<p>Vous cherchez un autre type de kayak de mer ? Jetez un coup d&#8217;\u0153il \u00e0 <a href=\"https:\/\/eu.designkayaks.com\/product\/unplugged-sea-kayak\/\">Unplugged<\/a>, parfait pour les d\u00e9butants, ou \u00e0 <a href=\"https:\/\/eu.designkayaks.com\/product\/awesome-sea-kayak\/\">Awesome<\/a>, pour les pagayeurs enjou\u00e9s.<\/p>\n","protected":false},"excerpt":{"rendered":"<p>Le kayak de mer sans fin GFX : Ce kayak en fibre de verre, long, \u00e9troit et l\u00e9ger, pr\u00e9sente une forme de coque inspir\u00e9e du monde du surfski, ce qui le rend ultra-rapide. Avec un volume de chargement important et un confort d&#8217;assise exceptionnel, il offre un design beau et efficace, parfait pour les longues randonn\u00e9es. <\/p>\n","protected":false},"featured_media":7645,"template":"","meta":{"inline_featured_image":false},"product_brand":[],"product_cat":[169],"product_tag":[],"class_list":{"0":"post-8370","1":"product","2":"type-product","3":"status-publish","4":"has-post-thumbnail","6":"product_cat-kayaks-en-composite","7":"product_shipping_class-kayaks-ue-continentale","9":"first","10":"instock","11":"taxable","12":"shipping-taxable","13":"purchasable","14":"product-type-variable","15":"has-default-attributes"},"yoast_head":"<!-- This site is optimized with the Yoast SEO plugin v24.9 - https:\/\/yoast.com\/wordpress\/plugins\/seo\/ -->\n<title>Endless GFX Kayak de Mer Fibre de Verre<\/title>\n<meta name=\"description\" content=\"Le kayak de mer Endless est un kayak de mer rapide, con\u00e7u avec une coque de type surfski et moul\u00e9 en plastique XDPE ultra lisse, construit pour la vitesse.\" \/>\n<meta name=\"robots\" content=\"noindex, follow, max-snippet:-1, max-image-preview:large, max-video-preview:-1\" \/>\n<meta property=\"og:locale\" content=\"fr_FR\" \/>\n<meta property=\"og:type\" content=\"article\" \/>\n<meta property=\"og:title\" content=\"Endless GFX Kayak de Mer Fibre de Verre\" \/>\n<meta property=\"og:description\" content=\"Le kayak de mer Endless est un kayak de mer rapide, con\u00e7u avec une coque de type surfski et moul\u00e9 en plastique XDPE ultra lisse, construit pour la vitesse.\" \/>\n<meta property=\"og:url\" content=\"https:\/\/eu.designkayaks.com\/fr\/product\/kayak-de-mer-endless-gfx-en-fibre-de-verre\/\" \/>\n<meta property=\"og:site_name\" content=\"Designkayaks EU\" \/>\n<meta property=\"article:modified_time\" content=\"2025-08-20T07:00:52+00:00\" \/>\n<meta property=\"og:image\" content=\"https:\/\/eu.designkayaks.com\/wp-content\/uploads\/designkayaks-endless-gfx-glassfiber-top-turquoise-sea-1000x1000-1.jpg\" \/>\n\t<meta property=\"og:image:width\" content=\"1000\" \/>\n\t<meta property=\"og:image:height\" content=\"1000\" \/>\n\t<meta property=\"og:image:type\" content=\"image\/jpeg\" \/>\n<meta name=\"twitter:card\" content=\"summary_large_image\" \/>\n<meta name=\"twitter:label1\" content=\"Dur\u00e9e de lecture estim\u00e9e\" \/>\n\t<meta name=\"twitter:data1\" content=\"2 minutes\" \/>\n<script type=\"application\/ld+json\" class=\"yoast-schema-graph\">{\"@context\":\"https:\/\/schema.org\",\"@graph\":[{\"@type\":\"WebPage\",\"@id\":\"https:\/\/eu.designkayaks.com\/fr\/product\/kayak-de-mer-endless-gfx-en-fibre-de-verre\/\",\"url\":\"https:\/\/eu.designkayaks.com\/fr\/product\/kayak-de-mer-endless-gfx-en-fibre-de-verre\/\",\"name\":\"Endless GFX Kayak de Mer Fibre de Verre\",\"isPartOf\":{\"@id\":\"https:\/\/eu.designkayaks.com\/fr\/#website\"},\"primaryImageOfPage\":{\"@id\":\"https:\/\/eu.designkayaks.com\/fr\/product\/kayak-de-mer-endless-gfx-en-fibre-de-verre\/#primaryimage\"},\"image\":{\"@id\":\"https:\/\/eu.designkayaks.com\/fr\/product\/kayak-de-mer-endless-gfx-en-fibre-de-verre\/#primaryimage\"},\"thumbnailUrl\":\"https:\/\/eu.designkayaks.com\/wp-content\/uploads\/designkayaks-endless-gfx-glassfiber-top-turquoise-sea-1000x1000-1.jpg\",\"datePublished\":\"2024-11-26T13:07:22+00:00\",\"dateModified\":\"2025-08-20T07:00:52+00:00\",\"description\":\"Le kayak de mer Endless est un kayak de mer rapide, con\u00e7u avec une coque de type surfski et moul\u00e9 en plastique XDPE ultra lisse, construit pour la vitesse.\",\"breadcrumb\":{\"@id\":\"https:\/\/eu.designkayaks.com\/fr\/product\/kayak-de-mer-endless-gfx-en-fibre-de-verre\/#breadcrumb\"},\"inLanguage\":\"fr-FR\",\"potentialAction\":[{\"@type\":\"ReadAction\",\"target\":[\"https:\/\/eu.designkayaks.com\/fr\/product\/kayak-de-mer-endless-gfx-en-fibre-de-verre\/\"]}]},{\"@type\":\"ImageObject\",\"inLanguage\":\"fr-FR\",\"@id\":\"https:\/\/eu.designkayaks.com\/fr\/product\/kayak-de-mer-endless-gfx-en-fibre-de-verre\/#primaryimage\",\"url\":\"https:\/\/eu.designkayaks.com\/wp-content\/uploads\/designkayaks-endless-gfx-glassfiber-top-turquoise-sea-1000x1000-1.jpg\",\"contentUrl\":\"https:\/\/eu.designkayaks.com\/wp-content\/uploads\/designkayaks-endless-gfx-glassfiber-top-turquoise-sea-1000x1000-1.jpg\",\"width\":1000,\"height\":1000,\"caption\":\"designkayaks endless gfx glassfiber mod\u00e8le kayak de mer vue de dessus couleur mer turquoise\"},{\"@type\":\"BreadcrumbList\",\"@id\":\"https:\/\/eu.designkayaks.com\/fr\/product\/kayak-de-mer-endless-gfx-en-fibre-de-verre\/#breadcrumb\",\"itemListElement\":[{\"@type\":\"ListItem\",\"position\":1,\"name\":\"Home\",\"item\":\"https:\/\/eu.designkayaks.com\/fr\/?page_id=8342\"},{\"@type\":\"ListItem\",\"position\":2,\"name\":\"Equipement\",\"item\":\"https:\/\/eu.designkayaks.com\/fr\/equipement\/\"},{\"@type\":\"ListItem\",\"position\":3,\"name\":\"Endless GFX Kayak de Mer Fibre de Verre\"}]},{\"@type\":\"WebSite\",\"@id\":\"https:\/\/eu.designkayaks.com\/fr\/#website\",\"url\":\"https:\/\/eu.designkayaks.com\/fr\/\",\"name\":\"Designkayaks EU\",\"description\":\"Sea Kayaks\",\"potentialAction\":[{\"@type\":\"SearchAction\",\"target\":{\"@type\":\"EntryPoint\",\"urlTemplate\":\"https:\/\/eu.designkayaks.com\/fr\/?s={search_term_string}\"},\"query-input\":{\"@type\":\"PropertyValueSpecification\",\"valueRequired\":true,\"valueName\":\"search_term_string\"}}],\"inLanguage\":\"fr-FR\"}]}<\/script>\n<!-- \/ Yoast SEO plugin. -->","yoast_head_json":{"title":"Endless GFX Kayak de Mer Fibre de Verre","description":"Le kayak de mer Endless est un kayak de mer rapide, con\u00e7u avec une coque de type surfski et moul\u00e9 en plastique XDPE ultra lisse, construit pour la vitesse.","robots":{"index":"noindex","follow":"follow","max-snippet":"max-snippet:-1","max-image-preview":"max-image-preview:large","max-video-preview":"max-video-preview:-1"},"og_locale":"fr_FR","og_type":"article","og_title":"Endless GFX Kayak de Mer Fibre de Verre","og_description":"Le kayak de mer Endless est un kayak de mer rapide, con\u00e7u avec une coque de type surfski et moul\u00e9 en plastique XDPE ultra lisse, construit pour la vitesse.","og_url":"https:\/\/eu.designkayaks.com\/fr\/product\/kayak-de-mer-endless-gfx-en-fibre-de-verre\/","og_site_name":"Designkayaks EU","article_modified_time":"2025-08-20T07:00:52+00:00","og_image":[{"width":1000,"height":1000,"url":"https:\/\/eu.designkayaks.com\/wp-content\/uploads\/designkayaks-endless-gfx-glassfiber-top-turquoise-sea-1000x1000-1.jpg","type":"image\/jpeg"}],"twitter_card":"summary_large_image","twitter_misc":{"Dur\u00e9e de lecture estim\u00e9e":"2 minutes"},"schema":{"@context":"https:\/\/schema.org","@graph":[{"@type":"WebPage","@id":"https:\/\/eu.designkayaks.com\/fr\/product\/kayak-de-mer-endless-gfx-en-fibre-de-verre\/","url":"https:\/\/eu.designkayaks.com\/fr\/product\/kayak-de-mer-endless-gfx-en-fibre-de-verre\/","name":"Endless GFX Kayak de Mer Fibre de Verre","isPartOf":{"@id":"https:\/\/eu.designkayaks.com\/fr\/#website"},"primaryImageOfPage":{"@id":"https:\/\/eu.designkayaks.com\/fr\/product\/kayak-de-mer-endless-gfx-en-fibre-de-verre\/#primaryimage"},"image":{"@id":"https:\/\/eu.designkayaks.com\/fr\/product\/kayak-de-mer-endless-gfx-en-fibre-de-verre\/#primaryimage"},"thumbnailUrl":"https:\/\/eu.designkayaks.com\/wp-content\/uploads\/designkayaks-endless-gfx-glassfiber-top-turquoise-sea-1000x1000-1.jpg","datePublished":"2024-11-26T13:07:22+00:00","dateModified":"2025-08-20T07:00:52+00:00","description":"Le kayak de mer Endless est un kayak de mer rapide, con\u00e7u avec une coque de type surfski et moul\u00e9 en plastique XDPE ultra lisse, construit pour la vitesse.","breadcrumb":{"@id":"https:\/\/eu.designkayaks.com\/fr\/product\/kayak-de-mer-endless-gfx-en-fibre-de-verre\/#breadcrumb"},"inLanguage":"fr-FR","potentialAction":[{"@type":"ReadAction","target":["https:\/\/eu.designkayaks.com\/fr\/product\/kayak-de-mer-endless-gfx-en-fibre-de-verre\/"]}]},{"@type":"ImageObject","inLanguage":"fr-FR","@id":"https:\/\/eu.designkayaks.com\/fr\/product\/kayak-de-mer-endless-gfx-en-fibre-de-verre\/#primaryimage","url":"https:\/\/eu.designkayaks.com\/wp-content\/uploads\/designkayaks-endless-gfx-glassfiber-top-turquoise-sea-1000x1000-1.jpg","contentUrl":"https:\/\/eu.designkayaks.com\/wp-content\/uploads\/designkayaks-endless-gfx-glassfiber-top-turquoise-sea-1000x1000-1.jpg","width":1000,"height":1000,"caption":"designkayaks endless gfx glassfiber mod\u00e8le kayak de mer vue de dessus couleur mer turquoise"},{"@type":"BreadcrumbList","@id":"https:\/\/eu.designkayaks.com\/fr\/product\/kayak-de-mer-endless-gfx-en-fibre-de-verre\/#breadcrumb","itemListElement":[{"@type":"ListItem","position":1,"name":"Home","item":"https:\/\/eu.designkayaks.com\/fr\/?page_id=8342"},{"@type":"ListItem","position":2,"name":"Equipement","item":"https:\/\/eu.designkayaks.com\/fr\/equipement\/"},{"@type":"ListItem","position":3,"name":"Endless GFX Kayak de Mer Fibre de Verre"}]},{"@type":"WebSite","@id":"https:\/\/eu.designkayaks.com\/fr\/#website","url":"https:\/\/eu.designkayaks.com\/fr\/","name":"Designkayaks EU","description":"Sea Kayaks","potentialAction":[{"@type":"SearchAction","target":{"@type":"EntryPoint","urlTemplate":"https:\/\/eu.designkayaks.com\/fr\/?s={search_term_string}"},"query-input":{"@type":"PropertyValueSpecification","valueRequired":true,"valueName":"search_term_string"}}],"inLanguage":"fr-FR"}]}},"_links":{"self":[{"href":"https:\/\/eu.designkayaks.com\/fr\/wp-json\/wp\/v2\/product\/8370","targetHints":{"allow":["GET"]}}],"collection":[{"href":"https:\/\/eu.designkayaks.com\/fr\/wp-json\/wp\/v2\/product"}],"about":[{"href":"https:\/\/eu.designkayaks.com\/fr\/wp-json\/wp\/v2\/types\/product"}],"wp:featuredmedia":[{"embeddable":true,"href":"https:\/\/eu.designkayaks.com\/fr\/wp-json\/wp\/v2\/media\/7645"}],"wp:attachment":[{"href":"https:\/\/eu.designkayaks.com\/fr\/wp-json\/wp\/v2\/media?parent=8370"}],"wp:term":[{"taxonomy":"product_brand","embeddable":true,"href":"https:\/\/eu.designkayaks.com\/fr\/wp-json\/wp\/v2\/product_brand?post=8370"},{"taxonomy":"product_cat","embeddable":true,"href":"https:\/\/eu.designkayaks.com\/fr\/wp-json\/wp\/v2\/product_cat?post=8370"},{"taxonomy":"product_tag","embeddable":true,"href":"https:\/\/eu.designkayaks.com\/fr\/wp-json\/wp\/v2\/product_tag?post=8370"}],"curies":[{"name":"wp","href":"https:\/\/api.w.org\/{rel}","templated":true}]}}