{"id":7934,"date":"2021-11-18T11:34:51","date_gmt":"2021-11-18T10:34:51","guid":{"rendered":"https:\/\/eu.designkayaks.com\/product\/unplugged-pe-sea-kayak\/"},"modified":"2025-08-19T16:11:20","modified_gmt":"2025-08-19T14:11:20","slug":"unplugged-pe-sea-kayak","status":"publish","type":"product","link":"https:\/\/eu.designkayaks.com\/it\/product\/unplugged-pe-sea-kayak\/","title":{"rendered":"Unplugged PE Sea Kayak"},"content":{"rendered":"<h2>Descrizione del kayak da mare Unplugged PE<\/h2>\n<p>Il kayak da mare Unplugged \u00e8 un kayak che porta gioia ai canoisti di tutti i livelli. L&#8217;Unplugged \u00e8 un eccellente kayak per principianti, ma continua a offrire un sacco di divertimento man mano che si acquisisce esperienza. L&#8217;Unplugged \u00e8 stato creato con il desiderio di fornire un kayak da mare solido e performante che lasci spazio allo sviluppo delle abilit\u00e0. In altre parole, l&#8217;Unplugged \u00e8 stato costruito per offrirti le migliori basi possibili per l&#8217;apprendimento di bracciate e tecniche. Se hai gi\u00e0 molta esperienza di kayak, Unplugged \u00e8 un&#8217;ottima scelta se cerchi un kayak versatile e adatto a tutti.    <\/p>\n<h3>Design ponderato<\/h3>\n<p>Con una simmetria moderna e una prua slanciata, il design offre un&#8217;eccellente traiettoria, particolarmente adatta a un kayak senza timone. La coperta posteriore \u00e8 bassa per ridurre al minimo la resistenza al vento, rendendo pi\u00f9 facile rotolare e rientrare nel kayak durante un autosalvataggio. <\/p>\n<h3>Velocit\u00e0 e stabilit\u00e0 per la sicurezza<\/h3>\n<p>La forma dello scafo \u00e8 uno dei motivi per cui Unplugged \u00e8 un ottimo kayak per principianti. La forma a V poco profonda offre un&#8217;ampia stabilit\u00e0 che ispira fiducia ai nuovi canoisti, mentre la linea di chiglia continua garantisce una buona velocit\u00e0 senza sacrificare la manovrabilit\u00e0. <\/p>\n<h3>Comfort e controllo in primo piano<\/h3>\n<p>Il sedile ergonomico e lo schienale imbottito offrono un&#8217;esperienza molto confortevole nel pozzetto. Lo spazio \u00e8 ampio, mentre le bretelle integrate garantiscono un contatto ottimale con il kayak. L&#8217;Unplugged ha un design del pozzetto a buco medio che supporta un&#8217;eccellente tecnica di pagaiata, pur essendo abbastanza largo nella parte anteriore per facilitare l&#8217;ingresso e l&#8217;uscita, il che lo rende ideale per i principianti. Il bordo del pozzetto \u00e8 incassato in un&#8217;ampia scanalatura per facilitare il fissaggio dello spray deck.   <\/p>\n<h3>Dettagli ben studiati<\/h3>\n<p>Oltre a un ponte ben progettato con bungee e cime essenziali, abbiamo aggiunto un rotolo per la pagaia su una delle cime del ponte anteriore, in modo che sia facile fissare la pagaia sotto la cima durante le pause. Il kayak da mare Unplugged ha paratie robuste, sigillate da entrambi i lati. I portelli rotondi sono facili da montare e smontare. Tutti i raccordi sono incassati per ridurre al minimo il rischio di ferite alle mani o alle dita durante la pagaiata e la centralina di controllo dello skeg si trova all&#8217;altezza dei fianchi, per cui \u00e8 facile azionarla rimanendo lontani dalle gambe.   <\/p>\n<h3>Fai tuo il kayak da mare Unplugged<\/h3>\n<p>Puoi personalizzare il tuo kayak scegliendo colori unici, aggiungendo attrezzature extra e progettando un kayak che sia veramente tuo. Dopo aver scelto il colore e le dimensioni del tuo kayak, seleziona &#8220;progetta il tuo kayak&#8221; per giocare con i colori e le opzioni di equipaggiamento. Sull&#8217;Unplugged puoi aggiungere un ulteriore vano portaoggetti a prua con il daybox da 3,5 litri di Kajak Sport. Se vuoi un timone, l&#8217;Unplugged \u00e8 predisposto per un timone con passaggio interno dei cavi e un raccordo in acciaio inox per l&#8217;attacco del timone. Dietro il pozzetto, puoi installare il nostro Rescue System con fibbie YKK per assicurare la pagaia durante un autosalvataggio, per una maggiore sicurezza come kayak per principianti. Inoltre, puoi optare per una staffa di bloccaggio in acciaio inox se devi lasciare il kayak in zone esposte. Se vuoi garantire un contatto ancora migliore con il kayak, puoi scegliere le pedane SmartTrack Transitional come opzione aggiuntiva.      <\/p>\n<h3>Kayak da mare Unplugged &#8211; Guida alle taglie<\/h3>\n<p>Unplugged \u00e8 disponibile in due misure. La sua altezza, il peso e le misure di cosce e fianchi sono fattori chiave per determinare se corrisponde alla misura Regular o Large.  <\/p>\n<p>Ecco una guida alle misure:<br \/>\nRegular: 160-185 cm, fino a circa 90 kg.<br \/>Large: 170-210 cm, da circa 90 kg.<\/p>\n<p>Vuole saperne di pi\u00f9 su Unplugged? Per maggiori dettagli consulti <a href=\"https:\/\/www.designkayaks.com\/kayaks\/unplugged-seakayak\/\">designkayaks.com<\/a> <\/p>\n<p>Cerca un altro tipo di kayak da mare? Scopra il nostro kayak da escursione veloce <a href=\"https:\/\/eu.designkayaks.com\/product\/endless-sea-kayak\/\">Endless<\/a> o <a href=\"https:\/\/eu.designkayaks.com\/product\/awesome-sea-kayak\/\">l\u2019Awesome<\/a> per il pagaiatore pi\u00f9 giocoso.<\/p>\n","protected":false},"excerpt":{"rendered":"<p>Il kayak da mare Unplugged, con la sua perfetta combinazione di velocit\u00e0 e stabilit\u00e0, \u00e8 un eccellente kayak all-around. \u00c8 ideale per i neofiti e per chi ha un po&#8217; di esperienza, ma fa sorridere anche i canoisti pi\u00f9 esperti. <\/p>\n","protected":false},"featured_media":6979,"template":"","meta":{"inline_featured_image":false},"product_brand":[],"product_cat":[109],"product_tag":[],"class_list":{"0":"post-7934","1":"product","2":"type-product","3":"status-publish","4":"has-post-thumbnail","6":"product_cat-kayak-pe","7":"product_shipping_class-kayak-ue-terraferma","9":"first","10":"instock","11":"taxable","12":"shipping-taxable","13":"purchasable","14":"product-type-variable","15":"has-default-attributes"},"yoast_head":"<!-- This site is optimized with the Yoast SEO plugin v24.9 - https:\/\/yoast.com\/wordpress\/plugins\/seo\/ -->\n<title>Unplugged PE Sea Kayak - Designkayaks EU<\/title>\n<meta name=\"description\" content=\"Il kayak da mare Unplugged ha un ottimo rapporto qualit\u00e0-prezzo. \u00c8 un seakayak che regala gioia ai canoisti di tutti i livelli, con prestazioni elevate e grande comfort.\" \/>\n<meta name=\"robots\" content=\"noindex, follow, max-snippet:-1, max-image-preview:large, max-video-preview:-1\" \/>\n<meta property=\"og:locale\" content=\"it_IT\" \/>\n<meta property=\"og:type\" content=\"article\" \/>\n<meta property=\"og:title\" content=\"Unplugged PE Sea Kayak - Designkayaks EU\" \/>\n<meta property=\"og:description\" content=\"Il kayak da mare Unplugged ha un ottimo rapporto qualit\u00e0-prezzo. \u00c8 un seakayak che regala gioia ai canoisti di tutti i livelli, con prestazioni elevate e grande comfort.\" \/>\n<meta property=\"og:url\" content=\"https:\/\/eu.designkayaks.com\/it\/product\/unplugged-pe-sea-kayak\/\" \/>\n<meta property=\"og:site_name\" content=\"Designkayaks EU\" \/>\n<meta property=\"article:modified_time\" content=\"2025-08-19T14:11:20+00:00\" \/>\n<meta property=\"og:image\" content=\"https:\/\/eu.designkayaks.com\/wp-content\/uploads\/designkayaks-unplugged-top-turquoisesea-1000x1000-1.jpg\" \/>\n\t<meta property=\"og:image:width\" content=\"1000\" \/>\n\t<meta property=\"og:image:height\" content=\"1000\" \/>\n\t<meta property=\"og:image:type\" content=\"image\/jpeg\" \/>\n<meta name=\"twitter:card\" content=\"summary_large_image\" \/>\n<meta name=\"twitter:label1\" content=\"Tempo di lettura stimato\" \/>\n\t<meta name=\"twitter:data1\" content=\"4 minuti\" \/>\n<script type=\"application\/ld+json\" class=\"yoast-schema-graph\">{\"@context\":\"https:\/\/schema.org\",\"@graph\":[{\"@type\":\"WebPage\",\"@id\":\"https:\/\/eu.designkayaks.com\/it\/product\/unplugged-pe-sea-kayak\/\",\"url\":\"https:\/\/eu.designkayaks.com\/it\/product\/unplugged-pe-sea-kayak\/\",\"name\":\"Unplugged PE Sea Kayak - Designkayaks EU\",\"isPartOf\":{\"@id\":\"https:\/\/eu.designkayaks.com\/it\/#website\"},\"primaryImageOfPage\":{\"@id\":\"https:\/\/eu.designkayaks.com\/it\/product\/unplugged-pe-sea-kayak\/#primaryimage\"},\"image\":{\"@id\":\"https:\/\/eu.designkayaks.com\/it\/product\/unplugged-pe-sea-kayak\/#primaryimage\"},\"thumbnailUrl\":\"https:\/\/eu.designkayaks.com\/wp-content\/uploads\/designkayaks-unplugged-top-turquoisesea-1000x1000-1.jpg\",\"datePublished\":\"2021-11-18T10:34:51+00:00\",\"dateModified\":\"2025-08-19T14:11:20+00:00\",\"description\":\"Il kayak da mare Unplugged ha un ottimo rapporto qualit\u00e0-prezzo. \u00c8 un seakayak che regala gioia ai canoisti di tutti i livelli, con prestazioni elevate e grande comfort.\",\"breadcrumb\":{\"@id\":\"https:\/\/eu.designkayaks.com\/it\/product\/unplugged-pe-sea-kayak\/#breadcrumb\"},\"inLanguage\":\"it-IT\",\"potentialAction\":[{\"@type\":\"ReadAction\",\"target\":[\"https:\/\/eu.designkayaks.com\/it\/product\/unplugged-pe-sea-kayak\/\"]}]},{\"@type\":\"ImageObject\",\"inLanguage\":\"it-IT\",\"@id\":\"https:\/\/eu.designkayaks.com\/it\/product\/unplugged-pe-sea-kayak\/#primaryimage\",\"url\":\"https:\/\/eu.designkayaks.com\/wp-content\/uploads\/designkayaks-unplugged-top-turquoisesea-1000x1000-1.jpg\",\"contentUrl\":\"https:\/\/eu.designkayaks.com\/wp-content\/uploads\/designkayaks-unplugged-top-turquoisesea-1000x1000-1.jpg\",\"width\":1000,\"height\":1000,\"caption\":\"designkayaks modello unplugged sea kayak vista dall'alto colore turchese mare\"},{\"@type\":\"BreadcrumbList\",\"@id\":\"https:\/\/eu.designkayaks.com\/it\/product\/unplugged-pe-sea-kayak\/#breadcrumb\",\"itemListElement\":[{\"@type\":\"ListItem\",\"position\":1,\"name\":\"Home\",\"item\":\"https:\/\/eu.designkayaks.com\/it\/?page_id=8316\"},{\"@type\":\"ListItem\",\"position\":2,\"name\":\"Negozio\",\"item\":\"https:\/\/eu.designkayaks.com\/it\/negozio\/\"},{\"@type\":\"ListItem\",\"position\":3,\"name\":\"Unplugged PE Sea Kayak\"}]},{\"@type\":\"WebSite\",\"@id\":\"https:\/\/eu.designkayaks.com\/it\/#website\",\"url\":\"https:\/\/eu.designkayaks.com\/it\/\",\"name\":\"Designkayaks EU\",\"description\":\"Sea Kayaks\",\"potentialAction\":[{\"@type\":\"SearchAction\",\"target\":{\"@type\":\"EntryPoint\",\"urlTemplate\":\"https:\/\/eu.designkayaks.com\/it\/?s={search_term_string}\"},\"query-input\":{\"@type\":\"PropertyValueSpecification\",\"valueRequired\":true,\"valueName\":\"search_term_string\"}}],\"inLanguage\":\"it-IT\"}]}<\/script>\n<!-- \/ Yoast SEO plugin. -->","yoast_head_json":{"title":"Unplugged PE Sea Kayak - Designkayaks EU","description":"Il kayak da mare Unplugged ha un ottimo rapporto qualit\u00e0-prezzo. \u00c8 un seakayak che regala gioia ai canoisti di tutti i livelli, con prestazioni elevate e grande comfort.","robots":{"index":"noindex","follow":"follow","max-snippet":"max-snippet:-1","max-image-preview":"max-image-preview:large","max-video-preview":"max-video-preview:-1"},"og_locale":"it_IT","og_type":"article","og_title":"Unplugged PE Sea Kayak - Designkayaks EU","og_description":"Il kayak da mare Unplugged ha un ottimo rapporto qualit\u00e0-prezzo. \u00c8 un seakayak che regala gioia ai canoisti di tutti i livelli, con prestazioni elevate e grande comfort.","og_url":"https:\/\/eu.designkayaks.com\/it\/product\/unplugged-pe-sea-kayak\/","og_site_name":"Designkayaks EU","article_modified_time":"2025-08-19T14:11:20+00:00","og_image":[{"width":1000,"height":1000,"url":"https:\/\/eu.designkayaks.com\/wp-content\/uploads\/designkayaks-unplugged-top-turquoisesea-1000x1000-1.jpg","type":"image\/jpeg"}],"twitter_card":"summary_large_image","twitter_misc":{"Tempo di lettura stimato":"4 minuti"},"schema":{"@context":"https:\/\/schema.org","@graph":[{"@type":"WebPage","@id":"https:\/\/eu.designkayaks.com\/it\/product\/unplugged-pe-sea-kayak\/","url":"https:\/\/eu.designkayaks.com\/it\/product\/unplugged-pe-sea-kayak\/","name":"Unplugged PE Sea Kayak - Designkayaks EU","isPartOf":{"@id":"https:\/\/eu.designkayaks.com\/it\/#website"},"primaryImageOfPage":{"@id":"https:\/\/eu.designkayaks.com\/it\/product\/unplugged-pe-sea-kayak\/#primaryimage"},"image":{"@id":"https:\/\/eu.designkayaks.com\/it\/product\/unplugged-pe-sea-kayak\/#primaryimage"},"thumbnailUrl":"https:\/\/eu.designkayaks.com\/wp-content\/uploads\/designkayaks-unplugged-top-turquoisesea-1000x1000-1.jpg","datePublished":"2021-11-18T10:34:51+00:00","dateModified":"2025-08-19T14:11:20+00:00","description":"Il kayak da mare Unplugged ha un ottimo rapporto qualit\u00e0-prezzo. \u00c8 un seakayak che regala gioia ai canoisti di tutti i livelli, con prestazioni elevate e grande comfort.","breadcrumb":{"@id":"https:\/\/eu.designkayaks.com\/it\/product\/unplugged-pe-sea-kayak\/#breadcrumb"},"inLanguage":"it-IT","potentialAction":[{"@type":"ReadAction","target":["https:\/\/eu.designkayaks.com\/it\/product\/unplugged-pe-sea-kayak\/"]}]},{"@type":"ImageObject","inLanguage":"it-IT","@id":"https:\/\/eu.designkayaks.com\/it\/product\/unplugged-pe-sea-kayak\/#primaryimage","url":"https:\/\/eu.designkayaks.com\/wp-content\/uploads\/designkayaks-unplugged-top-turquoisesea-1000x1000-1.jpg","contentUrl":"https:\/\/eu.designkayaks.com\/wp-content\/uploads\/designkayaks-unplugged-top-turquoisesea-1000x1000-1.jpg","width":1000,"height":1000,"caption":"designkayaks modello unplugged sea kayak vista dall'alto colore turchese mare"},{"@type":"BreadcrumbList","@id":"https:\/\/eu.designkayaks.com\/it\/product\/unplugged-pe-sea-kayak\/#breadcrumb","itemListElement":[{"@type":"ListItem","position":1,"name":"Home","item":"https:\/\/eu.designkayaks.com\/it\/?page_id=8316"},{"@type":"ListItem","position":2,"name":"Negozio","item":"https:\/\/eu.designkayaks.com\/it\/negozio\/"},{"@type":"ListItem","position":3,"name":"Unplugged PE Sea Kayak"}]},{"@type":"WebSite","@id":"https:\/\/eu.designkayaks.com\/it\/#website","url":"https:\/\/eu.designkayaks.com\/it\/","name":"Designkayaks EU","description":"Sea Kayaks","potentialAction":[{"@type":"SearchAction","target":{"@type":"EntryPoint","urlTemplate":"https:\/\/eu.designkayaks.com\/it\/?s={search_term_string}"},"query-input":{"@type":"PropertyValueSpecification","valueRequired":true,"valueName":"search_term_string"}}],"inLanguage":"it-IT"}]}},"_links":{"self":[{"href":"https:\/\/eu.designkayaks.com\/it\/wp-json\/wp\/v2\/product\/7934","targetHints":{"allow":["GET"]}}],"collection":[{"href":"https:\/\/eu.designkayaks.com\/it\/wp-json\/wp\/v2\/product"}],"about":[{"href":"https:\/\/eu.designkayaks.com\/it\/wp-json\/wp\/v2\/types\/product"}],"wp:featuredmedia":[{"embeddable":true,"href":"https:\/\/eu.designkayaks.com\/it\/wp-json\/wp\/v2\/media\/6979"}],"wp:attachment":[{"href":"https:\/\/eu.designkayaks.com\/it\/wp-json\/wp\/v2\/media?parent=7934"}],"wp:term":[{"taxonomy":"product_brand","embeddable":true,"href":"https:\/\/eu.designkayaks.com\/it\/wp-json\/wp\/v2\/product_brand?post=7934"},{"taxonomy":"product_cat","embeddable":true,"href":"https:\/\/eu.designkayaks.com\/it\/wp-json\/wp\/v2\/product_cat?post=7934"},{"taxonomy":"product_tag","embeddable":true,"href":"https:\/\/eu.designkayaks.com\/it\/wp-json\/wp\/v2\/product_tag?post=7934"}],"curies":[{"name":"wp","href":"https:\/\/api.w.org\/{rel}","templated":true}]}}