{"id":8360,"date":"2024-11-26T14:07:22","date_gmt":"2024-11-26T13:07:22","guid":{"rendered":"https:\/\/eu.designkayaks.com\/product\/kayak-da-mare-in-fibra-di-vetro-endless-gfx\/"},"modified":"2025-08-20T09:08:24","modified_gmt":"2025-08-20T07:08:24","slug":"kayak-da-mare-in-fibra-di-vetro-endless-gfx","status":"publish","type":"product","link":"https:\/\/eu.designkayaks.com\/it\/product\/kayak-da-mare-in-fibra-di-vetro-endless-gfx\/","title":{"rendered":"Endless GFX Kayak Mare Fibra di Vetro"},"content":{"rendered":"<h2>Descrizione del Kayak in fibra di vetro Endless GFX<\/h2>\n<p>L&#8217;Endless GFX \u00e8 il primo kayak in fibra di vetro di DesignKayaks. GFX sta per Glass Fiber eXcellence. Questo materiale in fibra di vetro rende il kayak pi\u00f9 leggero e pi\u00f9 veloce rispetto al modello Endless equivalente in plastica.<\/p>\n<h3>Informazioni sul kayak in fibra di vetro Endless<\/h3>\n<p>Il modello Endless in vetroresina mantiene le stesse eccellenti caratteristiche di pagaiata della versione in plastica. Il suo design lungo e stretto con uno scafo arrotondato crea un kayak straordinario con una scivolata ultra-liscia nell&#8217;acqua. La lunga linea di galleggiamento e i ponti bassi a prua e a poppa rendono il kayak Endless altamente direzionale e minimamente influenzato dal vento. Il kayak Endless \u00e8 un kayak da mare progettato per avere uno slancio in avanti, il che lo rende ideale per i lunghi viaggi. Gli ampi sportelli ovali facilitano l&#8217;imbarco dell&#8217;attrezzatura, mentre lo schienale regolabile aumenta il comfort durante i viaggi pi\u00f9 lunghi.<\/p>\n<h3>Sedile in carbonio e comfort eccezionale<\/h3>\n<p>Il sedile ergonomico in carbonio \u00e8 abbinato a uno schienale extra imbottito e regolabile che pu\u00f2 essere regolato con il sistema di cricchetti e cinghie mentre si \u00e8 seduti nel kayak. Questo ti offre un comfort impareggiabile e ti permette di fare pi\u00f9 ore di tour e attivit\u00e0 fisica.<\/p>\n<h3>Guida alle taglie per il kayak in fibra di vetro Endless<\/h3>\n<p>Altezza, peso e volume dei fianchi e delle cosce sono fattori cruciali per determinare la taglia giusta per te. <\/p>\n<p><strong>Taglie consigliate <\/strong><br \/>\nRegular: 160-190 cm, fino a circa 85 kg.<br \/>\nLarge: 170-210 cm, a partire da circa 85 kg (chi supera i 110 kg potrebbe trovare l&#8217;abitacolo stretto).<\/p>\n<p><strong>Sei tra i modelli Regular e Large?<\/strong><br \/>\nSe hai fianchi e cosce pi\u00f9 larghi, preferisci un maggiore comfort o hai bisogno di una maggiore capacit\u00e0 per i bagagli, opta per la Large. Se invece dai priorit\u00e0 alla tecnica di pagaiata e a un maggiore contatto del corpo con il kayak, scegli la Regular. Se conosci gi\u00e0 il modello Endless in plastica, tieni presente che il kayak Endless in vetroresina \u00e8 leggermente pi\u00f9 spazioso della versione in plastica. <\/p>\n<p>Cosa vuoi sapere di pi\u00f9 sull&#8217;Endless? Per maggiori dettagli dai un&#8217;occhiata a <a href=\"https:\/\/www.designkayaks.com\/kayaks\/endless-seakayak\/\">designkayaks.com<\/a> <\/p>\n<p>Cerchi un altro tipo di kayak da mare? Dai un&#8217;occhiata all&#8217;<a href=\"https:\/\/eu.designkayaks.com\/product\/unplugged-sea-kayak\/\">Unplugged<\/a>, perfetto per i principianti o all&#8217;<a href=\"https:\/\/eu.designkayaks.com\/product\/awesome-sea-kayak\/\">Awesome<\/a> per i canoisti pi\u00f9 giocosi.<\/p>\n","protected":false},"excerpt":{"rendered":"<p>L&#8217;Endless Sea Kayak GFX: Questo kayak in fibra di vetro lungo, stretto e leggero presenta una forma dello scafo ispirata al mondo dei surfski, che lo rende ultraveloce. Grazie all&#8217;ampio volume di carico e all&#8217;eccezionale comfort di seduta, offre un design bello ed efficiente, perfetto per i tour pi\u00f9 lunghi. <\/p>\n","protected":false},"featured_media":7647,"template":"","meta":{"inline_featured_image":false},"product_brand":[],"product_cat":[166],"product_tag":[],"class_list":{"0":"post-8360","1":"product","2":"type-product","3":"status-publish","4":"has-post-thumbnail","6":"product_cat-kayak-in-materiale-composito","7":"product_shipping_class-kayak-ue-terraferma","9":"first","10":"instock","11":"taxable","12":"shipping-taxable","13":"purchasable","14":"product-type-variable","15":"has-default-attributes"},"yoast_head":"<!-- This site is optimized with the Yoast SEO plugin v24.9 - https:\/\/yoast.com\/wordpress\/plugins\/seo\/ -->\n<title>Endless GFX Kayak Mare Fibra di Vetro<\/title>\n<meta name=\"description\" content=\"Il kayak da mare Endless \u00e8 un kayak da mare veloce, progettato con uno scafo in stile surfski e stampato in plastica XDPE ultra liscia, costruito per la velocit\u00e0.\" \/>\n<meta name=\"robots\" content=\"noindex, follow, max-snippet:-1, max-image-preview:large, max-video-preview:-1\" \/>\n<meta property=\"og:locale\" content=\"it_IT\" \/>\n<meta property=\"og:type\" content=\"article\" \/>\n<meta property=\"og:title\" content=\"Endless GFX Kayak Mare Fibra di Vetro\" \/>\n<meta property=\"og:description\" content=\"Il kayak da mare Endless \u00e8 un kayak da mare veloce, progettato con uno scafo in stile surfski e stampato in plastica XDPE ultra liscia, costruito per la velocit\u00e0.\" \/>\n<meta property=\"og:url\" content=\"https:\/\/eu.designkayaks.com\/it\/product\/kayak-da-mare-in-fibra-di-vetro-endless-gfx\/\" \/>\n<meta property=\"og:site_name\" content=\"Designkayaks EU\" \/>\n<meta property=\"article:modified_time\" content=\"2025-08-20T07:08:24+00:00\" \/>\n<meta property=\"og:image\" content=\"https:\/\/eu.designkayaks.com\/wp-content\/uploads\/designkayaks-endless-gfx-glassfiber-top-turquoise-sea-1000x1000-1.jpg\" \/>\n\t<meta property=\"og:image:width\" content=\"1000\" \/>\n\t<meta property=\"og:image:height\" content=\"1000\" \/>\n\t<meta property=\"og:image:type\" content=\"image\/jpeg\" \/>\n<meta name=\"twitter:card\" content=\"summary_large_image\" \/>\n<meta name=\"twitter:label1\" content=\"Tempo di lettura stimato\" \/>\n\t<meta name=\"twitter:data1\" content=\"2 minuti\" \/>\n<script type=\"application\/ld+json\" class=\"yoast-schema-graph\">{\"@context\":\"https:\/\/schema.org\",\"@graph\":[{\"@type\":\"WebPage\",\"@id\":\"https:\/\/eu.designkayaks.com\/it\/product\/kayak-da-mare-in-fibra-di-vetro-endless-gfx\/\",\"url\":\"https:\/\/eu.designkayaks.com\/it\/product\/kayak-da-mare-in-fibra-di-vetro-endless-gfx\/\",\"name\":\"Endless GFX Kayak Mare Fibra di Vetro\",\"isPartOf\":{\"@id\":\"https:\/\/eu.designkayaks.com\/it\/#website\"},\"primaryImageOfPage\":{\"@id\":\"https:\/\/eu.designkayaks.com\/it\/product\/kayak-da-mare-in-fibra-di-vetro-endless-gfx\/#primaryimage\"},\"image\":{\"@id\":\"https:\/\/eu.designkayaks.com\/it\/product\/kayak-da-mare-in-fibra-di-vetro-endless-gfx\/#primaryimage\"},\"thumbnailUrl\":\"https:\/\/eu.designkayaks.com\/wp-content\/uploads\/designkayaks-endless-gfx-glassfiber-top-turquoise-sea-1000x1000-1.jpg\",\"datePublished\":\"2024-11-26T13:07:22+00:00\",\"dateModified\":\"2025-08-20T07:08:24+00:00\",\"description\":\"Il kayak da mare Endless \u00e8 un kayak da mare veloce, progettato con uno scafo in stile surfski e stampato in plastica XDPE ultra liscia, costruito per la velocit\u00e0.\",\"breadcrumb\":{\"@id\":\"https:\/\/eu.designkayaks.com\/it\/product\/kayak-da-mare-in-fibra-di-vetro-endless-gfx\/#breadcrumb\"},\"inLanguage\":\"it-IT\",\"potentialAction\":[{\"@type\":\"ReadAction\",\"target\":[\"https:\/\/eu.designkayaks.com\/it\/product\/kayak-da-mare-in-fibra-di-vetro-endless-gfx\/\"]}]},{\"@type\":\"ImageObject\",\"inLanguage\":\"it-IT\",\"@id\":\"https:\/\/eu.designkayaks.com\/it\/product\/kayak-da-mare-in-fibra-di-vetro-endless-gfx\/#primaryimage\",\"url\":\"https:\/\/eu.designkayaks.com\/wp-content\/uploads\/designkayaks-endless-gfx-glassfiber-top-turquoise-sea-1000x1000-1.jpg\",\"contentUrl\":\"https:\/\/eu.designkayaks.com\/wp-content\/uploads\/designkayaks-endless-gfx-glassfiber-top-turquoise-sea-1000x1000-1.jpg\",\"width\":1000,\"height\":1000,\"caption\":\"designkayaks endless gfx in fibra di vetro modello sea kayak vista dall'alto colore mare turchese\"},{\"@type\":\"BreadcrumbList\",\"@id\":\"https:\/\/eu.designkayaks.com\/it\/product\/kayak-da-mare-in-fibra-di-vetro-endless-gfx\/#breadcrumb\",\"itemListElement\":[{\"@type\":\"ListItem\",\"position\":1,\"name\":\"Home\",\"item\":\"https:\/\/eu.designkayaks.com\/it\/?page_id=8316\"},{\"@type\":\"ListItem\",\"position\":2,\"name\":\"Negozio\",\"item\":\"https:\/\/eu.designkayaks.com\/it\/negozio\/\"},{\"@type\":\"ListItem\",\"position\":3,\"name\":\"Endless GFX Kayak Mare Fibra di Vetro\"}]},{\"@type\":\"WebSite\",\"@id\":\"https:\/\/eu.designkayaks.com\/it\/#website\",\"url\":\"https:\/\/eu.designkayaks.com\/it\/\",\"name\":\"Designkayaks EU\",\"description\":\"Sea Kayaks\",\"potentialAction\":[{\"@type\":\"SearchAction\",\"target\":{\"@type\":\"EntryPoint\",\"urlTemplate\":\"https:\/\/eu.designkayaks.com\/it\/?s={search_term_string}\"},\"query-input\":{\"@type\":\"PropertyValueSpecification\",\"valueRequired\":true,\"valueName\":\"search_term_string\"}}],\"inLanguage\":\"it-IT\"}]}<\/script>\n<!-- \/ Yoast SEO plugin. -->","yoast_head_json":{"title":"Endless GFX Kayak Mare Fibra di Vetro","description":"Il kayak da mare Endless \u00e8 un kayak da mare veloce, progettato con uno scafo in stile surfski e stampato in plastica XDPE ultra liscia, costruito per la velocit\u00e0.","robots":{"index":"noindex","follow":"follow","max-snippet":"max-snippet:-1","max-image-preview":"max-image-preview:large","max-video-preview":"max-video-preview:-1"},"og_locale":"it_IT","og_type":"article","og_title":"Endless GFX Kayak Mare Fibra di Vetro","og_description":"Il kayak da mare Endless \u00e8 un kayak da mare veloce, progettato con uno scafo in stile surfski e stampato in plastica XDPE ultra liscia, costruito per la velocit\u00e0.","og_url":"https:\/\/eu.designkayaks.com\/it\/product\/kayak-da-mare-in-fibra-di-vetro-endless-gfx\/","og_site_name":"Designkayaks EU","article_modified_time":"2025-08-20T07:08:24+00:00","og_image":[{"width":1000,"height":1000,"url":"https:\/\/eu.designkayaks.com\/wp-content\/uploads\/designkayaks-endless-gfx-glassfiber-top-turquoise-sea-1000x1000-1.jpg","type":"image\/jpeg"}],"twitter_card":"summary_large_image","twitter_misc":{"Tempo di lettura stimato":"2 minuti"},"schema":{"@context":"https:\/\/schema.org","@graph":[{"@type":"WebPage","@id":"https:\/\/eu.designkayaks.com\/it\/product\/kayak-da-mare-in-fibra-di-vetro-endless-gfx\/","url":"https:\/\/eu.designkayaks.com\/it\/product\/kayak-da-mare-in-fibra-di-vetro-endless-gfx\/","name":"Endless GFX Kayak Mare Fibra di Vetro","isPartOf":{"@id":"https:\/\/eu.designkayaks.com\/it\/#website"},"primaryImageOfPage":{"@id":"https:\/\/eu.designkayaks.com\/it\/product\/kayak-da-mare-in-fibra-di-vetro-endless-gfx\/#primaryimage"},"image":{"@id":"https:\/\/eu.designkayaks.com\/it\/product\/kayak-da-mare-in-fibra-di-vetro-endless-gfx\/#primaryimage"},"thumbnailUrl":"https:\/\/eu.designkayaks.com\/wp-content\/uploads\/designkayaks-endless-gfx-glassfiber-top-turquoise-sea-1000x1000-1.jpg","datePublished":"2024-11-26T13:07:22+00:00","dateModified":"2025-08-20T07:08:24+00:00","description":"Il kayak da mare Endless \u00e8 un kayak da mare veloce, progettato con uno scafo in stile surfski e stampato in plastica XDPE ultra liscia, costruito per la velocit\u00e0.","breadcrumb":{"@id":"https:\/\/eu.designkayaks.com\/it\/product\/kayak-da-mare-in-fibra-di-vetro-endless-gfx\/#breadcrumb"},"inLanguage":"it-IT","potentialAction":[{"@type":"ReadAction","target":["https:\/\/eu.designkayaks.com\/it\/product\/kayak-da-mare-in-fibra-di-vetro-endless-gfx\/"]}]},{"@type":"ImageObject","inLanguage":"it-IT","@id":"https:\/\/eu.designkayaks.com\/it\/product\/kayak-da-mare-in-fibra-di-vetro-endless-gfx\/#primaryimage","url":"https:\/\/eu.designkayaks.com\/wp-content\/uploads\/designkayaks-endless-gfx-glassfiber-top-turquoise-sea-1000x1000-1.jpg","contentUrl":"https:\/\/eu.designkayaks.com\/wp-content\/uploads\/designkayaks-endless-gfx-glassfiber-top-turquoise-sea-1000x1000-1.jpg","width":1000,"height":1000,"caption":"designkayaks endless gfx in fibra di vetro modello sea kayak vista dall'alto colore mare turchese"},{"@type":"BreadcrumbList","@id":"https:\/\/eu.designkayaks.com\/it\/product\/kayak-da-mare-in-fibra-di-vetro-endless-gfx\/#breadcrumb","itemListElement":[{"@type":"ListItem","position":1,"name":"Home","item":"https:\/\/eu.designkayaks.com\/it\/?page_id=8316"},{"@type":"ListItem","position":2,"name":"Negozio","item":"https:\/\/eu.designkayaks.com\/it\/negozio\/"},{"@type":"ListItem","position":3,"name":"Endless GFX Kayak Mare Fibra di Vetro"}]},{"@type":"WebSite","@id":"https:\/\/eu.designkayaks.com\/it\/#website","url":"https:\/\/eu.designkayaks.com\/it\/","name":"Designkayaks EU","description":"Sea Kayaks","potentialAction":[{"@type":"SearchAction","target":{"@type":"EntryPoint","urlTemplate":"https:\/\/eu.designkayaks.com\/it\/?s={search_term_string}"},"query-input":{"@type":"PropertyValueSpecification","valueRequired":true,"valueName":"search_term_string"}}],"inLanguage":"it-IT"}]}},"_links":{"self":[{"href":"https:\/\/eu.designkayaks.com\/it\/wp-json\/wp\/v2\/product\/8360","targetHints":{"allow":["GET"]}}],"collection":[{"href":"https:\/\/eu.designkayaks.com\/it\/wp-json\/wp\/v2\/product"}],"about":[{"href":"https:\/\/eu.designkayaks.com\/it\/wp-json\/wp\/v2\/types\/product"}],"wp:featuredmedia":[{"embeddable":true,"href":"https:\/\/eu.designkayaks.com\/it\/wp-json\/wp\/v2\/media\/7647"}],"wp:attachment":[{"href":"https:\/\/eu.designkayaks.com\/it\/wp-json\/wp\/v2\/media?parent=8360"}],"wp:term":[{"taxonomy":"product_brand","embeddable":true,"href":"https:\/\/eu.designkayaks.com\/it\/wp-json\/wp\/v2\/product_brand?post=8360"},{"taxonomy":"product_cat","embeddable":true,"href":"https:\/\/eu.designkayaks.com\/it\/wp-json\/wp\/v2\/product_cat?post=8360"},{"taxonomy":"product_tag","embeddable":true,"href":"https:\/\/eu.designkayaks.com\/it\/wp-json\/wp\/v2\/product_tag?post=8360"}],"curies":[{"name":"wp","href":"https:\/\/api.w.org\/{rel}","templated":true}]}}